{"id":6744,"date":"2021-11-10T22:34:38","date_gmt":"2021-11-11T03:34:38","guid":{"rendered":"https:\/\/rondeaunet.ca\/servicios\/limpieza-de-cristales\/"},"modified":"2026-01-27T14:03:32","modified_gmt":"2026-01-27T19:03:32","slug":"limpieza-de-cristales","status":"publish","type":"page","link":"https:\/\/rondeaunet.ca\/es\/servicios\/limpieza-de-cristales\/","title":{"rendered":"Limpieza de cristales"},"content":{"rendered":"<h3>LIMPIEZA ALTA DE CRISTALES<\/h3>\n<p>Deja en nuestras manos la limpieza de tu edificio. Nuestro experimentado equipo utiliza m\u00e9todos y productos espec\u00edficos para mantener un entorno limpio, sano y seguro.<\/p>\n<p><b>T\u00c9CNICAS ASOMBROSAS<\/b>: Utilizamos t\u00e9cnicas especializadas de limpieza de cristales, ya sea desde una plataforma volante, gr\u00faa, g\u00f3ndola, acceso mediante cuerdas, hidrotubo, p\u00e9rtiga o directamente en el suelo, para que puedas ver con m\u00e1s claridad el exterior.<\/p>\n<p><b>LIMPIEZA<\/b> DE FACHADAS: Adem\u00e1s de limpiar cristales, tambi\u00e9n limpiamos fachadas exteriores para conservar el aspecto de tu edificio.<\/p>\n<p><b>RESTAURACI\u00d3N<\/b> DE VIDRIERA: Nuestros expertos restauran vidrieras, eliminando marcas e imperfecciones para conseguir una claridad \u00f3ptima.<\/p>\n<p><b>ACCESO A ZONAS DIF\u00cdCILES<\/b>: Nuestros equipos altamente cualificados realizan la limpieza de cristales mediante acceso con cuerdas para llegar incluso a los lugares m\u00e1s inaccesibles.<\/p>\n<p><b>SEGURIDAD Y CUMPLIMIENTO<\/b>: Cumplimos las normas de seguridad m\u00e1s estrictas para garantizar operaciones en altura sin riesgos.<\/p>\n<p><b>SERVICIO PERSONALIZADO<\/b>: Adaptamos nuestros servicios a tus necesidades exactas y a los requisitos espec\u00edficos de tu edificio.<\/p>\n<p>&#8211; 0&#8242; a 20&#8242; = Servicio regular<\/p>\n<p>&#8211; 2\u00aa a 4\u00aa planta = Hidrotubo<\/p>\n<p>&#8211; 2\u00aa a 12\u00aa planta = G\u00f3ndola<\/p>\n<p>&#8211; 2\u00ba a 15\u00ba piso = Gr\u00faa<\/p>\n<p>&#8211; Del 2\u00ba al 60\u00ba piso = Plataforma volante<\/p>\n<p>&#8211; Del 2\u00ba al 60\u00ba piso = Acceso mediante cuerdas<\/p>\n<h3>NUESTROS SERVICIOS DE LIMPIEZA DE CRISTALES DE RASCACIELOS INCLUYEN<\/h3>\n<ul>\n<li>Trabajo con escobilla de goma<\/li>\n<li>Altura del hombre<\/li>\n<li>M\u00e1stil (hasta 32 pies)<\/li>\n<li>A escala (hasta 46 pies)<\/li>\n<li>Hidrotubo (hasta 66 pies)<\/li>\n<li>Plataforma (hasta 85 pies)<\/li>\n<li>Con gr\u00faa (hasta 160 pies)<\/li>\n<li>En una superficie plana (hasta 300 pies)<\/li>\n<li>Certificado de posicionamiento en altura<\/li>\n<li>Consultor\u00eda arquitect\u00f3nica en planificaci\u00f3n de puntos de anclaje y tecnolog\u00eda de lavado<\/li>\n<\/ul>\n<h3>Divisiones:<\/h3>\n<p>Residencial<\/p>\n<p>Copropiedad<\/p>\n<p>Condominio comercial<\/p>\n<p>Comercio al por menor<\/p>\n<p>Oficina corporativa<\/p>\n<p>Centro comercial<\/p>\n<p>Centro<\/p>\n<p>Hotelero<\/p>\n<p>Institucional<\/p>\n<p>Gobierno<\/p>\n","protected":false},"excerpt":{"rendered":"<p>LIMPIEZA ALTA DE CRISTALES Deja en nuestras manos la limpieza de tu edificio. Nuestro experimentado equipo utiliza m\u00e9todos y productos espec\u00edficos para mantener un entorno limpio, sano y seguro. T\u00c9CNICAS ASOMBROSAS: Utilizamos t\u00e9cnicas especializadas de limpieza de cristales, ya sea desde una plataforma volante, gr\u00faa, g\u00f3ndola, acceso mediante cuerdas, hidrotubo, p\u00e9rtiga o directamente en el [&hellip;]<\/p>\n","protected":false},"author":2,"featured_media":0,"parent":6726,"menu_order":0,"comment_status":"closed","ping_status":"closed","template":"","meta":{"_jet_sm_ready_style":"","_jet_sm_style":"","_jet_sm_controls_values":"","_jet_sm_fonts_collection":"","_jet_sm_fonts_links":"","footnotes":""},"class_list":["post-6744","page","type-page","status-publish","hentry"],"yoast_head":"<!-- This site is optimized with the Yoast SEO plugin v27.1.1 - https:\/\/yoast.com\/product\/yoast-seo-wordpress\/ -->\n<title>Limpieza de cristales - RONDEAUNET Inc<\/title>\n<meta name=\"description\" content=\"Experts en nettoyage r\u00e9sidentiel et commercial au Qu\u00e9bec. Service professionnel, rapide et efficace pour un environnement propre et sain. Demandez une soumission gratuite d\u00e8s aujourd\u2019hui !\" \/>\n<meta name=\"robots\" content=\"index, follow, max-snippet:-1, max-image-preview:large, max-video-preview:-1\" \/>\n<link rel=\"canonical\" href=\"https:\/\/rondeaunet.ca\/es\/servicios\/limpieza-de-cristales\/\" \/>\n<meta property=\"og:locale\" content=\"es_ES\" \/>\n<meta property=\"og:type\" content=\"article\" \/>\n<meta property=\"og:title\" content=\"Limpieza de cristales - RONDEAUNET Inc\" \/>\n<meta property=\"og:description\" content=\"Experts en nettoyage r\u00e9sidentiel et commercial au Qu\u00e9bec. Service professionnel, rapide et efficace pour un environnement propre et sain. Demandez une soumission gratuite d\u00e8s aujourd\u2019hui !\" \/>\n<meta property=\"og:url\" content=\"https:\/\/rondeaunet.ca\/es\/servicios\/limpieza-de-cristales\/\" \/>\n<meta property=\"og:site_name\" content=\"RONDEAUNET Inc\" \/>\n<meta property=\"article:publisher\" content=\"https:\/\/www.facebook.com\/rondeaunet\" \/>\n<meta property=\"article:modified_time\" content=\"2026-01-27T19:03:32+00:00\" \/>\n<meta property=\"og:image\" content=\"https:\/\/rondeaunet.ca\/wp-content\/uploads\/2023\/03\/vitre-slider-home.jpg\" \/>\n\t<meta property=\"og:image:width\" content=\"1291\" \/>\n\t<meta property=\"og:image:height\" content=\"864\" \/>\n\t<meta property=\"og:image:type\" content=\"image\/jpeg\" \/>\n<meta name=\"twitter:card\" content=\"summary_large_image\" \/>\n<meta name=\"twitter:site\" content=\"@rondeaunet\" \/>\n<meta name=\"twitter:label1\" content=\"Tiempo de lectura\" \/>\n\t<meta name=\"twitter:data1\" content=\"1 minuto\" \/>\n<script type=\"application\/ld+json\" class=\"yoast-schema-graph\">{\"@context\":\"https:\/\/schema.org\",\"@graph\":[{\"@type\":\"WebPage\",\"@id\":\"https:\/\/rondeaunet.ca\/es\/servicios\/limpieza-de-cristales\/\",\"url\":\"https:\/\/rondeaunet.ca\/es\/servicios\/limpieza-de-cristales\/\",\"name\":\"Limpieza de cristales - RONDEAUNET Inc\",\"isPartOf\":{\"@id\":\"https:\/\/wp.rondeaunet.ca\/#website\"},\"datePublished\":\"2021-11-11T03:34:38+00:00\",\"dateModified\":\"2026-01-27T19:03:32+00:00\",\"description\":\"Experts en nettoyage r\u00e9sidentiel et commercial au Qu\u00e9bec. Service professionnel, rapide et efficace pour un environnement propre et sain. Demandez une soumission gratuite d\u00e8s aujourd\u2019hui !\",\"breadcrumb\":{\"@id\":\"https:\/\/rondeaunet.ca\/es\/servicios\/limpieza-de-cristales\/#breadcrumb\"},\"inLanguage\":\"es\",\"potentialAction\":[{\"@type\":\"ReadAction\",\"target\":[\"https:\/\/rondeaunet.ca\/es\/servicios\/limpieza-de-cristales\/\"]}]},{\"@type\":\"BreadcrumbList\",\"@id\":\"https:\/\/rondeaunet.ca\/es\/servicios\/limpieza-de-cristales\/#breadcrumb\",\"itemListElement\":[{\"@type\":\"ListItem\",\"position\":1,\"name\":\"Accueil\",\"item\":\"https:\/\/rondeaunet.ca\/\"},{\"@type\":\"ListItem\",\"position\":2,\"name\":\"SERVICIOS\",\"item\":\"https:\/\/rondeaunet.ca\/es\/servicios\/\"},{\"@type\":\"ListItem\",\"position\":3,\"name\":\"Limpieza de cristales\"}]},{\"@type\":\"WebSite\",\"@id\":\"https:\/\/wp.rondeaunet.ca\/#website\",\"url\":\"https:\/\/wp.rondeaunet.ca\/\",\"name\":\"RONDEAUNET Inc\",\"description\":\"Services aux immeubles\",\"publisher\":{\"@id\":\"https:\/\/wp.rondeaunet.ca\/#organization\"},\"potentialAction\":[{\"@type\":\"SearchAction\",\"target\":{\"@type\":\"EntryPoint\",\"urlTemplate\":\"https:\/\/wp.rondeaunet.ca\/?s={search_term_string}\"},\"query-input\":{\"@type\":\"PropertyValueSpecification\",\"valueRequired\":true,\"valueName\":\"search_term_string\"}}],\"inLanguage\":\"es\"},{\"@type\":\"Organization\",\"@id\":\"https:\/\/wp.rondeaunet.ca\/#organization\",\"name\":\"RONDEAUNET Inc\",\"url\":\"https:\/\/wp.rondeaunet.ca\/\",\"logo\":{\"@type\":\"ImageObject\",\"inLanguage\":\"es\",\"@id\":\"https:\/\/wp.rondeaunet.ca\/#\/schema\/logo\/image\/\",\"url\":\"https:\/\/rondeaunet.ca\/wp-content\/uploads\/2023\/03\/cropped-R-tag.png\",\"contentUrl\":\"https:\/\/rondeaunet.ca\/wp-content\/uploads\/2023\/03\/cropped-R-tag.png\",\"width\":512,\"height\":512,\"caption\":\"RONDEAUNET Inc\"},\"image\":{\"@id\":\"https:\/\/wp.rondeaunet.ca\/#\/schema\/logo\/image\/\"},\"sameAs\":[\"https:\/\/www.facebook.com\/rondeaunet\",\"https:\/\/x.com\/rondeaunet\"]}]}<\/script>\n<!-- \/ Yoast SEO plugin. -->","yoast_head_json":{"title":"Limpieza de cristales - RONDEAUNET Inc","description":"Experts en nettoyage r\u00e9sidentiel et commercial au Qu\u00e9bec. Service professionnel, rapide et efficace pour un environnement propre et sain. Demandez une soumission gratuite d\u00e8s aujourd\u2019hui !","robots":{"index":"index","follow":"follow","max-snippet":"max-snippet:-1","max-image-preview":"max-image-preview:large","max-video-preview":"max-video-preview:-1"},"canonical":"https:\/\/rondeaunet.ca\/es\/servicios\/limpieza-de-cristales\/","og_locale":"es_ES","og_type":"article","og_title":"Limpieza de cristales - RONDEAUNET Inc","og_description":"Experts en nettoyage r\u00e9sidentiel et commercial au Qu\u00e9bec. Service professionnel, rapide et efficace pour un environnement propre et sain. Demandez une soumission gratuite d\u00e8s aujourd\u2019hui !","og_url":"https:\/\/rondeaunet.ca\/es\/servicios\/limpieza-de-cristales\/","og_site_name":"RONDEAUNET Inc","article_publisher":"https:\/\/www.facebook.com\/rondeaunet","article_modified_time":"2026-01-27T19:03:32+00:00","og_image":[{"width":1291,"height":864,"url":"https:\/\/rondeaunet.ca\/wp-content\/uploads\/2023\/03\/vitre-slider-home.jpg","type":"image\/jpeg"}],"twitter_card":"summary_large_image","twitter_site":"@rondeaunet","twitter_misc":{"Tiempo de lectura":"1 minuto"},"schema":{"@context":"https:\/\/schema.org","@graph":[{"@type":"WebPage","@id":"https:\/\/rondeaunet.ca\/es\/servicios\/limpieza-de-cristales\/","url":"https:\/\/rondeaunet.ca\/es\/servicios\/limpieza-de-cristales\/","name":"Limpieza de cristales - RONDEAUNET Inc","isPartOf":{"@id":"https:\/\/wp.rondeaunet.ca\/#website"},"datePublished":"2021-11-11T03:34:38+00:00","dateModified":"2026-01-27T19:03:32+00:00","description":"Experts en nettoyage r\u00e9sidentiel et commercial au Qu\u00e9bec. Service professionnel, rapide et efficace pour un environnement propre et sain. Demandez une soumission gratuite d\u00e8s aujourd\u2019hui !","breadcrumb":{"@id":"https:\/\/rondeaunet.ca\/es\/servicios\/limpieza-de-cristales\/#breadcrumb"},"inLanguage":"es","potentialAction":[{"@type":"ReadAction","target":["https:\/\/rondeaunet.ca\/es\/servicios\/limpieza-de-cristales\/"]}]},{"@type":"BreadcrumbList","@id":"https:\/\/rondeaunet.ca\/es\/servicios\/limpieza-de-cristales\/#breadcrumb","itemListElement":[{"@type":"ListItem","position":1,"name":"Accueil","item":"https:\/\/rondeaunet.ca\/"},{"@type":"ListItem","position":2,"name":"SERVICIOS","item":"https:\/\/rondeaunet.ca\/es\/servicios\/"},{"@type":"ListItem","position":3,"name":"Limpieza de cristales"}]},{"@type":"WebSite","@id":"https:\/\/wp.rondeaunet.ca\/#website","url":"https:\/\/wp.rondeaunet.ca\/","name":"RONDEAUNET Inc","description":"Services aux immeubles","publisher":{"@id":"https:\/\/wp.rondeaunet.ca\/#organization"},"potentialAction":[{"@type":"SearchAction","target":{"@type":"EntryPoint","urlTemplate":"https:\/\/wp.rondeaunet.ca\/?s={search_term_string}"},"query-input":{"@type":"PropertyValueSpecification","valueRequired":true,"valueName":"search_term_string"}}],"inLanguage":"es"},{"@type":"Organization","@id":"https:\/\/wp.rondeaunet.ca\/#organization","name":"RONDEAUNET Inc","url":"https:\/\/wp.rondeaunet.ca\/","logo":{"@type":"ImageObject","inLanguage":"es","@id":"https:\/\/wp.rondeaunet.ca\/#\/schema\/logo\/image\/","url":"https:\/\/rondeaunet.ca\/wp-content\/uploads\/2023\/03\/cropped-R-tag.png","contentUrl":"https:\/\/rondeaunet.ca\/wp-content\/uploads\/2023\/03\/cropped-R-tag.png","width":512,"height":512,"caption":"RONDEAUNET Inc"},"image":{"@id":"https:\/\/wp.rondeaunet.ca\/#\/schema\/logo\/image\/"},"sameAs":["https:\/\/www.facebook.com\/rondeaunet","https:\/\/x.com\/rondeaunet"]}]}},"_links":{"self":[{"href":"https:\/\/rondeaunet.ca\/es\/wp-json\/wp\/v2\/pages\/6744","targetHints":{"allow":["GET"]}}],"collection":[{"href":"https:\/\/rondeaunet.ca\/es\/wp-json\/wp\/v2\/pages"}],"about":[{"href":"https:\/\/rondeaunet.ca\/es\/wp-json\/wp\/v2\/types\/page"}],"author":[{"embeddable":true,"href":"https:\/\/rondeaunet.ca\/es\/wp-json\/wp\/v2\/users\/2"}],"replies":[{"embeddable":true,"href":"https:\/\/rondeaunet.ca\/es\/wp-json\/wp\/v2\/comments?post=6744"}],"version-history":[{"count":3,"href":"https:\/\/rondeaunet.ca\/es\/wp-json\/wp\/v2\/pages\/6744\/revisions"}],"predecessor-version":[{"id":7827,"href":"https:\/\/rondeaunet.ca\/es\/wp-json\/wp\/v2\/pages\/6744\/revisions\/7827"}],"up":[{"embeddable":true,"href":"https:\/\/rondeaunet.ca\/es\/wp-json\/wp\/v2\/pages\/6726"}],"wp:attachment":[{"href":"https:\/\/rondeaunet.ca\/es\/wp-json\/wp\/v2\/media?parent=6744"}],"curies":[{"name":"wp","href":"https:\/\/api.w.org\/{rel}","templated":true}]}}