{"id":6740,"date":"2021-11-10T22:35:49","date_gmt":"2021-11-11T03:35:49","guid":{"rendered":"https:\/\/rondeaunet.ca\/servicios\/mantenimiento-de-edificios\/"},"modified":"2026-01-27T14:05:41","modified_gmt":"2026-01-27T19:05:41","slug":"mantenimiento-de-edificios","status":"publish","type":"page","link":"https:\/\/rondeaunet.ca\/es\/servicios\/mantenimiento-de-edificios\/","title":{"rendered":"Mantenimiento de edificios"},"content":{"rendered":"<h3>MANTENIMIENTO DE EDIFICIOS<\/h3>\n<p>Garantiza la durabilidad de tu edificio con nuestro servicio de mantenimiento profesional. Identificamos y solucionamos los problemas antes de que se conviertan en graves. <\/p>\n<p><b>REPARACIONES<\/b>: Nuestros equipos cualificados se ocupan r\u00e1pidamente de las reparaciones menores para mantener tu edificio en las mejores condiciones.<\/p>\n<p><b>PEQUE\u00d1OS TRABAJOS DE<\/b> PINTURA <b>(SIN LICENCIA RBQ)<\/b>: Nos encargamos de peque\u00f1os trabajos de pintura para mejorar el aspecto de tu vivienda.<\/p>\n<p><b>GESTI\u00d3N DE<\/b> EQUIPOS E INSTALACIONES: Gestionamos eficazmente los equipos e instalaciones de tu edificio para mantenerlos en perfecto estado de funcionamiento.<\/p>\n<p><b>REPARACI\u00d3N Y SUSTITUCI\u00d3N DE<\/b> EQUIPOS <b>DEFECTUOS<\/b>: Nuestros expertos identifican y corrigen r\u00e1pidamente cualquier equipo defectuoso, evitando as\u00ed cualquier interrupci\u00f3n importante.<\/p>\n<p><b>MANTENIMIENTO<\/b> DE ZONAS DE APARCAMIENTO Y GARAJES: Realizamos un mantenimiento peri\u00f3dico de las zonas de aparcamiento y los garajes para garantizar su seguridad y funcionalidad.<\/p>\n<p><b>REURBANIZACI\u00d3N<\/b> DE ESPACIOS: Cuenta con nosotros para los servicios de reurbanizaci\u00f3n de espacios, creando zonas funcionales y atractivas.<\/p>\n<p><b>SERVICIOS DE JARDINER\u00cdA<\/b>: Mantenemos tu jard\u00edn, conservando sanas tus plantas y arbustos.<\/p>\n<p><b>GESTI\u00d3N DE<\/b> RESIDUOS Y <b>SANEAMIENTO<\/b>: Gestionamos eficazmente los residuos y el saneamiento para garantizar un medio ambiente limpio.<\/p>\n<p><b>ACTUALIZACI\u00d3N DE LA DOCUMENTACI\u00d3N<\/b>: Mantenemos actualizada nuestra documentaci\u00f3n de mantenimiento para tu comodidad.<\/p>\n<p><b>ATENCI\u00d3N AL CLIENTE Y TR\u00c1MITE DE RECLAMACIONES<\/b>: Nuestro equipo de atenci\u00f3n al cliente est\u00e1 a tu disposici\u00f3n para responder a tus preguntas e inquietudes, garantiz\u00e1ndote una experiencia sin preocupaciones.<\/p>\n<h3>NUESTROS SERVICIOS DE MANTENIMIENTO DE EDIFICIOS INCLUYEN:<\/h3>\n<h3>Divisiones:<\/h3>\n<p>Residencial<\/p>\n<p>Copropiedad<\/p>\n<p>Condominio comercial<\/p>\n<p>Comercio al por menor<\/p>\n<p>Oficina corporativa<\/p>\n<p>Centro comercial<\/p>\n<p>Centro<\/p>\n<p>Hotelero<\/p>\n<p>Institucional<\/p>\n<p>Gobierno<\/p>\n","protected":false},"excerpt":{"rendered":"<p>MANTENIMIENTO DE EDIFICIOS Garantiza la durabilidad de tu edificio con nuestro servicio de mantenimiento profesional. Identificamos y solucionamos los problemas antes de que se conviertan en graves. REPARACIONES: Nuestros equipos cualificados se ocupan r\u00e1pidamente de las reparaciones menores para mantener tu edificio en las mejores condiciones. PEQUE\u00d1OS TRABAJOS DE PINTURA (SIN LICENCIA RBQ): Nos encargamos [&hellip;]<\/p>\n","protected":false},"author":2,"featured_media":0,"parent":6726,"menu_order":0,"comment_status":"closed","ping_status":"closed","template":"","meta":{"_jet_sm_ready_style":"","_jet_sm_style":"","_jet_sm_controls_values":"","_jet_sm_fonts_collection":"","_jet_sm_fonts_links":"","footnotes":""},"class_list":["post-6740","page","type-page","status-publish","hentry"],"yoast_head":"<!-- This site is optimized with the Yoast SEO plugin v27.1.1 - https:\/\/yoast.com\/product\/yoast-seo-wordpress\/ -->\n<title>Mantenimiento de edificios - RONDEAUNET Inc<\/title>\n<meta name=\"description\" content=\"Experts en nettoyage r\u00e9sidentiel et commercial au Qu\u00e9bec. Service professionnel, rapide et efficace pour un environnement propre et sain. Demandez une soumission gratuite d\u00e8s aujourd\u2019hui !\" \/>\n<meta name=\"robots\" content=\"index, follow, max-snippet:-1, max-image-preview:large, max-video-preview:-1\" \/>\n<link rel=\"canonical\" href=\"https:\/\/rondeaunet.ca\/es\/servicios\/mantenimiento-de-edificios\/\" \/>\n<meta property=\"og:locale\" content=\"es_ES\" \/>\n<meta property=\"og:type\" content=\"article\" \/>\n<meta property=\"og:title\" content=\"Mantenimiento de edificios - RONDEAUNET Inc\" \/>\n<meta property=\"og:description\" content=\"Experts en nettoyage r\u00e9sidentiel et commercial au Qu\u00e9bec. Service professionnel, rapide et efficace pour un environnement propre et sain. Demandez une soumission gratuite d\u00e8s aujourd\u2019hui !\" \/>\n<meta property=\"og:url\" content=\"https:\/\/rondeaunet.ca\/es\/servicios\/mantenimiento-de-edificios\/\" \/>\n<meta property=\"og:site_name\" content=\"RONDEAUNET Inc\" \/>\n<meta property=\"article:publisher\" content=\"https:\/\/www.facebook.com\/rondeaunet\" \/>\n<meta property=\"article:modified_time\" content=\"2026-01-27T19:05:41+00:00\" \/>\n<meta property=\"og:image\" content=\"https:\/\/rondeaunet.ca\/wp-content\/uploads\/2023\/03\/vitre-slider-home.jpg\" \/>\n\t<meta property=\"og:image:width\" content=\"1291\" \/>\n\t<meta property=\"og:image:height\" content=\"864\" \/>\n\t<meta property=\"og:image:type\" content=\"image\/jpeg\" \/>\n<meta name=\"twitter:card\" content=\"summary_large_image\" \/>\n<meta name=\"twitter:site\" content=\"@rondeaunet\" \/>\n<meta name=\"twitter:label1\" content=\"Tiempo de lectura\" \/>\n\t<meta name=\"twitter:data1\" content=\"1 minuto\" \/>\n<script type=\"application\/ld+json\" class=\"yoast-schema-graph\">{\"@context\":\"https:\/\/schema.org\",\"@graph\":[{\"@type\":\"WebPage\",\"@id\":\"https:\/\/rondeaunet.ca\/es\/servicios\/mantenimiento-de-edificios\/\",\"url\":\"https:\/\/rondeaunet.ca\/es\/servicios\/mantenimiento-de-edificios\/\",\"name\":\"Mantenimiento de edificios - RONDEAUNET Inc\",\"isPartOf\":{\"@id\":\"https:\/\/wp.rondeaunet.ca\/#website\"},\"datePublished\":\"2021-11-11T03:35:49+00:00\",\"dateModified\":\"2026-01-27T19:05:41+00:00\",\"description\":\"Experts en nettoyage r\u00e9sidentiel et commercial au Qu\u00e9bec. Service professionnel, rapide et efficace pour un environnement propre et sain. Demandez une soumission gratuite d\u00e8s aujourd\u2019hui !\",\"breadcrumb\":{\"@id\":\"https:\/\/rondeaunet.ca\/es\/servicios\/mantenimiento-de-edificios\/#breadcrumb\"},\"inLanguage\":\"es\",\"potentialAction\":[{\"@type\":\"ReadAction\",\"target\":[\"https:\/\/rondeaunet.ca\/es\/servicios\/mantenimiento-de-edificios\/\"]}]},{\"@type\":\"BreadcrumbList\",\"@id\":\"https:\/\/rondeaunet.ca\/es\/servicios\/mantenimiento-de-edificios\/#breadcrumb\",\"itemListElement\":[{\"@type\":\"ListItem\",\"position\":1,\"name\":\"Accueil\",\"item\":\"https:\/\/rondeaunet.ca\/\"},{\"@type\":\"ListItem\",\"position\":2,\"name\":\"SERVICIOS\",\"item\":\"https:\/\/rondeaunet.ca\/es\/servicios\/\"},{\"@type\":\"ListItem\",\"position\":3,\"name\":\"Mantenimiento de edificios\"}]},{\"@type\":\"WebSite\",\"@id\":\"https:\/\/wp.rondeaunet.ca\/#website\",\"url\":\"https:\/\/wp.rondeaunet.ca\/\",\"name\":\"RONDEAUNET Inc\",\"description\":\"Services aux immeubles\",\"publisher\":{\"@id\":\"https:\/\/wp.rondeaunet.ca\/#organization\"},\"potentialAction\":[{\"@type\":\"SearchAction\",\"target\":{\"@type\":\"EntryPoint\",\"urlTemplate\":\"https:\/\/wp.rondeaunet.ca\/?s={search_term_string}\"},\"query-input\":{\"@type\":\"PropertyValueSpecification\",\"valueRequired\":true,\"valueName\":\"search_term_string\"}}],\"inLanguage\":\"es\"},{\"@type\":\"Organization\",\"@id\":\"https:\/\/wp.rondeaunet.ca\/#organization\",\"name\":\"RONDEAUNET Inc\",\"url\":\"https:\/\/wp.rondeaunet.ca\/\",\"logo\":{\"@type\":\"ImageObject\",\"inLanguage\":\"es\",\"@id\":\"https:\/\/wp.rondeaunet.ca\/#\/schema\/logo\/image\/\",\"url\":\"https:\/\/rondeaunet.ca\/wp-content\/uploads\/2023\/03\/cropped-R-tag.png\",\"contentUrl\":\"https:\/\/rondeaunet.ca\/wp-content\/uploads\/2023\/03\/cropped-R-tag.png\",\"width\":512,\"height\":512,\"caption\":\"RONDEAUNET Inc\"},\"image\":{\"@id\":\"https:\/\/wp.rondeaunet.ca\/#\/schema\/logo\/image\/\"},\"sameAs\":[\"https:\/\/www.facebook.com\/rondeaunet\",\"https:\/\/x.com\/rondeaunet\"]}]}<\/script>\n<!-- \/ Yoast SEO plugin. -->","yoast_head_json":{"title":"Mantenimiento de edificios - RONDEAUNET Inc","description":"Experts en nettoyage r\u00e9sidentiel et commercial au Qu\u00e9bec. Service professionnel, rapide et efficace pour un environnement propre et sain. Demandez une soumission gratuite d\u00e8s aujourd\u2019hui !","robots":{"index":"index","follow":"follow","max-snippet":"max-snippet:-1","max-image-preview":"max-image-preview:large","max-video-preview":"max-video-preview:-1"},"canonical":"https:\/\/rondeaunet.ca\/es\/servicios\/mantenimiento-de-edificios\/","og_locale":"es_ES","og_type":"article","og_title":"Mantenimiento de edificios - RONDEAUNET Inc","og_description":"Experts en nettoyage r\u00e9sidentiel et commercial au Qu\u00e9bec. Service professionnel, rapide et efficace pour un environnement propre et sain. Demandez une soumission gratuite d\u00e8s aujourd\u2019hui !","og_url":"https:\/\/rondeaunet.ca\/es\/servicios\/mantenimiento-de-edificios\/","og_site_name":"RONDEAUNET Inc","article_publisher":"https:\/\/www.facebook.com\/rondeaunet","article_modified_time":"2026-01-27T19:05:41+00:00","og_image":[{"width":1291,"height":864,"url":"https:\/\/rondeaunet.ca\/wp-content\/uploads\/2023\/03\/vitre-slider-home.jpg","type":"image\/jpeg"}],"twitter_card":"summary_large_image","twitter_site":"@rondeaunet","twitter_misc":{"Tiempo de lectura":"1 minuto"},"schema":{"@context":"https:\/\/schema.org","@graph":[{"@type":"WebPage","@id":"https:\/\/rondeaunet.ca\/es\/servicios\/mantenimiento-de-edificios\/","url":"https:\/\/rondeaunet.ca\/es\/servicios\/mantenimiento-de-edificios\/","name":"Mantenimiento de edificios - RONDEAUNET Inc","isPartOf":{"@id":"https:\/\/wp.rondeaunet.ca\/#website"},"datePublished":"2021-11-11T03:35:49+00:00","dateModified":"2026-01-27T19:05:41+00:00","description":"Experts en nettoyage r\u00e9sidentiel et commercial au Qu\u00e9bec. Service professionnel, rapide et efficace pour un environnement propre et sain. Demandez une soumission gratuite d\u00e8s aujourd\u2019hui !","breadcrumb":{"@id":"https:\/\/rondeaunet.ca\/es\/servicios\/mantenimiento-de-edificios\/#breadcrumb"},"inLanguage":"es","potentialAction":[{"@type":"ReadAction","target":["https:\/\/rondeaunet.ca\/es\/servicios\/mantenimiento-de-edificios\/"]}]},{"@type":"BreadcrumbList","@id":"https:\/\/rondeaunet.ca\/es\/servicios\/mantenimiento-de-edificios\/#breadcrumb","itemListElement":[{"@type":"ListItem","position":1,"name":"Accueil","item":"https:\/\/rondeaunet.ca\/"},{"@type":"ListItem","position":2,"name":"SERVICIOS","item":"https:\/\/rondeaunet.ca\/es\/servicios\/"},{"@type":"ListItem","position":3,"name":"Mantenimiento de edificios"}]},{"@type":"WebSite","@id":"https:\/\/wp.rondeaunet.ca\/#website","url":"https:\/\/wp.rondeaunet.ca\/","name":"RONDEAUNET Inc","description":"Services aux immeubles","publisher":{"@id":"https:\/\/wp.rondeaunet.ca\/#organization"},"potentialAction":[{"@type":"SearchAction","target":{"@type":"EntryPoint","urlTemplate":"https:\/\/wp.rondeaunet.ca\/?s={search_term_string}"},"query-input":{"@type":"PropertyValueSpecification","valueRequired":true,"valueName":"search_term_string"}}],"inLanguage":"es"},{"@type":"Organization","@id":"https:\/\/wp.rondeaunet.ca\/#organization","name":"RONDEAUNET Inc","url":"https:\/\/wp.rondeaunet.ca\/","logo":{"@type":"ImageObject","inLanguage":"es","@id":"https:\/\/wp.rondeaunet.ca\/#\/schema\/logo\/image\/","url":"https:\/\/rondeaunet.ca\/wp-content\/uploads\/2023\/03\/cropped-R-tag.png","contentUrl":"https:\/\/rondeaunet.ca\/wp-content\/uploads\/2023\/03\/cropped-R-tag.png","width":512,"height":512,"caption":"RONDEAUNET Inc"},"image":{"@id":"https:\/\/wp.rondeaunet.ca\/#\/schema\/logo\/image\/"},"sameAs":["https:\/\/www.facebook.com\/rondeaunet","https:\/\/x.com\/rondeaunet"]}]}},"_links":{"self":[{"href":"https:\/\/rondeaunet.ca\/es\/wp-json\/wp\/v2\/pages\/6740","targetHints":{"allow":["GET"]}}],"collection":[{"href":"https:\/\/rondeaunet.ca\/es\/wp-json\/wp\/v2\/pages"}],"about":[{"href":"https:\/\/rondeaunet.ca\/es\/wp-json\/wp\/v2\/types\/page"}],"author":[{"embeddable":true,"href":"https:\/\/rondeaunet.ca\/es\/wp-json\/wp\/v2\/users\/2"}],"replies":[{"embeddable":true,"href":"https:\/\/rondeaunet.ca\/es\/wp-json\/wp\/v2\/comments?post=6740"}],"version-history":[{"count":5,"href":"https:\/\/rondeaunet.ca\/es\/wp-json\/wp\/v2\/pages\/6740\/revisions"}],"predecessor-version":[{"id":7830,"href":"https:\/\/rondeaunet.ca\/es\/wp-json\/wp\/v2\/pages\/6740\/revisions\/7830"}],"up":[{"embeddable":true,"href":"https:\/\/rondeaunet.ca\/es\/wp-json\/wp\/v2\/pages\/6726"}],"wp:attachment":[{"href":"https:\/\/rondeaunet.ca\/es\/wp-json\/wp\/v2\/media?parent=6740"}],"curies":[{"name":"wp","href":"https:\/\/api.w.org\/{rel}","templated":true}]}}