{"id":6735,"date":"2021-11-10T22:48:53","date_gmt":"2021-11-11T03:48:53","guid":{"rendered":"https:\/\/rondeaunet.ca\/servicios\/limpieza-del-lugar\/"},"modified":"2026-01-27T14:06:55","modified_gmt":"2026-01-27T19:06:55","slug":"limpieza-del-lugar","status":"publish","type":"page","link":"https:\/\/rondeaunet.ca\/es\/servicios\/limpieza-del-lugar\/","title":{"rendered":"Limpieza del lugar"},"content":{"rendered":"<h3>LIMPIEZA DE OBRAS CCQ\/ASP<\/h3>\n<p>Estamos cualificados para limpiar obras de acuerdo con las normas CCQ\/ASP. Deja que nos encarguemos de la limpieza despu\u00e9s de la construcci\u00f3n.<\/p>\n<p><b>POST-CONSTRUCCI\u00d3N IMPECABLE<\/b>: Tras la construcci\u00f3n, nuestro equipo trabaja para garantizar que cada obra est\u00e9 limpia, segura y lista para ser ocupada.<\/p>\n<p><b>GARANT\u00cdA DE CUMPLIMIENTO<\/b> CCQ\/ASP: Cumplimos estrictamente las normas CCQ\/ASP para garantizar la seguridad de las instalaciones y los trabajadores. (Seg\u00fan la situaci\u00f3n)<\/p>\n<p><b>INFORMES<\/b> DE LIMPIEZA <b>DETALLADOS<\/b>: Proporcionamos informes de limpieza detallados para documentar cada fase del proceso.<\/p>\n<p><b>INTERVENCI\u00d3N R\u00c1PIDA<\/b>: Si es necesario, nuestro equipo intervendr\u00e1 r\u00e1pidamente para resolver cualquier problema relacionado con la limpieza del lugar.<\/p>\n<h3>NUESTROS SERVICIOS DE LIMPIEZA DE OBRAS CCQ\/ASP INCLUYEN:<\/h3>\n<ul>\n<li>Limpieza<\/li>\n<li>Desinfecci\u00f3n y esterilizaci\u00f3n<\/li>\n<li>Limpieza en entornos especiales: laboratorios y salas blancas<\/li>\n<li>Limpieza del mobiliario<\/li>\n<li>Mantenimiento de moquetas y suelos duros<\/li>\n<li>Decapar, pulir y encerar suelos<\/li>\n<li>Polvo alto<\/li>\n<li>Limpieza de las unidades de iluminaci\u00f3n<\/li>\n<li>Limpieza de primavera Certificado de posicionamiento en altura<\/li>\n<li>Limpieza para eventos especiales<\/li>\n<li>Manchado industrial<\/li>\n<\/ul>\n<h3>Divisiones:<\/h3>\n<p>Residencial<\/p>\n<p>Copropiedad<\/p>\n<p>Condominio comercial<\/p>\n<p>Comercio al por menor<\/p>\n<p>Oficina corporativa<\/p>\n<p>Centro comercial<\/p>\n<p>Centro<\/p>\n<p>Hotelero<\/p>\n<p>Institucional<\/p>\n<p>Gobierno<\/p>\n","protected":false},"excerpt":{"rendered":"<p>LIMPIEZA DE OBRAS CCQ\/ASP Estamos cualificados para limpiar obras de acuerdo con las normas CCQ\/ASP. Deja que nos encarguemos de la limpieza despu\u00e9s de la construcci\u00f3n. POST-CONSTRUCCI\u00d3N IMPECABLE: Tras la construcci\u00f3n, nuestro equipo trabaja para garantizar que cada obra est\u00e9 limpia, segura y lista para ser ocupada. GARANT\u00cdA DE CUMPLIMIENTO CCQ\/ASP: Cumplimos estrictamente las normas [&hellip;]<\/p>\n","protected":false},"author":2,"featured_media":0,"parent":6726,"menu_order":0,"comment_status":"closed","ping_status":"closed","template":"","meta":{"_jet_sm_ready_style":"","_jet_sm_style":"","_jet_sm_controls_values":"","_jet_sm_fonts_collection":"","_jet_sm_fonts_links":"","footnotes":""},"class_list":["post-6735","page","type-page","status-publish","hentry"],"yoast_head":"<!-- This site is optimized with the Yoast SEO plugin v27.1.1 - https:\/\/yoast.com\/product\/yoast-seo-wordpress\/ -->\n<title>Limpieza del lugar - RONDEAUNET Inc<\/title>\n<meta name=\"description\" content=\"Experts en nettoyage r\u00e9sidentiel et commercial au Qu\u00e9bec. Service professionnel, rapide et efficace pour un environnement propre et sain. Demandez une soumission gratuite d\u00e8s aujourd\u2019hui !\" \/>\n<meta name=\"robots\" content=\"index, follow, max-snippet:-1, max-image-preview:large, max-video-preview:-1\" \/>\n<link rel=\"canonical\" href=\"https:\/\/rondeaunet.ca\/es\/servicios\/limpieza-del-lugar\/\" \/>\n<meta property=\"og:locale\" content=\"es_ES\" \/>\n<meta property=\"og:type\" content=\"article\" \/>\n<meta property=\"og:title\" content=\"Limpieza del lugar - RONDEAUNET Inc\" \/>\n<meta property=\"og:description\" content=\"Experts en nettoyage r\u00e9sidentiel et commercial au Qu\u00e9bec. Service professionnel, rapide et efficace pour un environnement propre et sain. Demandez une soumission gratuite d\u00e8s aujourd\u2019hui !\" \/>\n<meta property=\"og:url\" content=\"https:\/\/rondeaunet.ca\/es\/servicios\/limpieza-del-lugar\/\" \/>\n<meta property=\"og:site_name\" content=\"RONDEAUNET Inc\" \/>\n<meta property=\"article:publisher\" content=\"https:\/\/www.facebook.com\/rondeaunet\" \/>\n<meta property=\"article:modified_time\" content=\"2026-01-27T19:06:55+00:00\" \/>\n<meta property=\"og:image\" content=\"https:\/\/rondeaunet.ca\/wp-content\/uploads\/2023\/03\/vitre-slider-home.jpg\" \/>\n\t<meta property=\"og:image:width\" content=\"1291\" \/>\n\t<meta property=\"og:image:height\" content=\"864\" \/>\n\t<meta property=\"og:image:type\" content=\"image\/jpeg\" \/>\n<meta name=\"twitter:card\" content=\"summary_large_image\" \/>\n<meta name=\"twitter:site\" content=\"@rondeaunet\" \/>\n<meta name=\"twitter:label1\" content=\"Tiempo de lectura\" \/>\n\t<meta name=\"twitter:data1\" content=\"1 minuto\" \/>\n<script type=\"application\/ld+json\" class=\"yoast-schema-graph\">{\"@context\":\"https:\/\/schema.org\",\"@graph\":[{\"@type\":\"WebPage\",\"@id\":\"https:\/\/rondeaunet.ca\/es\/servicios\/limpieza-del-lugar\/\",\"url\":\"https:\/\/rondeaunet.ca\/es\/servicios\/limpieza-del-lugar\/\",\"name\":\"Limpieza del lugar - RONDEAUNET Inc\",\"isPartOf\":{\"@id\":\"https:\/\/wp.rondeaunet.ca\/#website\"},\"datePublished\":\"2021-11-11T03:48:53+00:00\",\"dateModified\":\"2026-01-27T19:06:55+00:00\",\"description\":\"Experts en nettoyage r\u00e9sidentiel et commercial au Qu\u00e9bec. Service professionnel, rapide et efficace pour un environnement propre et sain. Demandez une soumission gratuite d\u00e8s aujourd\u2019hui !\",\"breadcrumb\":{\"@id\":\"https:\/\/rondeaunet.ca\/es\/servicios\/limpieza-del-lugar\/#breadcrumb\"},\"inLanguage\":\"es\",\"potentialAction\":[{\"@type\":\"ReadAction\",\"target\":[\"https:\/\/rondeaunet.ca\/es\/servicios\/limpieza-del-lugar\/\"]}]},{\"@type\":\"BreadcrumbList\",\"@id\":\"https:\/\/rondeaunet.ca\/es\/servicios\/limpieza-del-lugar\/#breadcrumb\",\"itemListElement\":[{\"@type\":\"ListItem\",\"position\":1,\"name\":\"Accueil\",\"item\":\"https:\/\/rondeaunet.ca\/\"},{\"@type\":\"ListItem\",\"position\":2,\"name\":\"SERVICIOS\",\"item\":\"https:\/\/rondeaunet.ca\/es\/servicios\/\"},{\"@type\":\"ListItem\",\"position\":3,\"name\":\"Limpieza del lugar\"}]},{\"@type\":\"WebSite\",\"@id\":\"https:\/\/wp.rondeaunet.ca\/#website\",\"url\":\"https:\/\/wp.rondeaunet.ca\/\",\"name\":\"RONDEAUNET Inc\",\"description\":\"Services aux immeubles\",\"publisher\":{\"@id\":\"https:\/\/wp.rondeaunet.ca\/#organization\"},\"potentialAction\":[{\"@type\":\"SearchAction\",\"target\":{\"@type\":\"EntryPoint\",\"urlTemplate\":\"https:\/\/wp.rondeaunet.ca\/?s={search_term_string}\"},\"query-input\":{\"@type\":\"PropertyValueSpecification\",\"valueRequired\":true,\"valueName\":\"search_term_string\"}}],\"inLanguage\":\"es\"},{\"@type\":\"Organization\",\"@id\":\"https:\/\/wp.rondeaunet.ca\/#organization\",\"name\":\"RONDEAUNET Inc\",\"url\":\"https:\/\/wp.rondeaunet.ca\/\",\"logo\":{\"@type\":\"ImageObject\",\"inLanguage\":\"es\",\"@id\":\"https:\/\/wp.rondeaunet.ca\/#\/schema\/logo\/image\/\",\"url\":\"https:\/\/rondeaunet.ca\/wp-content\/uploads\/2023\/03\/cropped-R-tag.png\",\"contentUrl\":\"https:\/\/rondeaunet.ca\/wp-content\/uploads\/2023\/03\/cropped-R-tag.png\",\"width\":512,\"height\":512,\"caption\":\"RONDEAUNET Inc\"},\"image\":{\"@id\":\"https:\/\/wp.rondeaunet.ca\/#\/schema\/logo\/image\/\"},\"sameAs\":[\"https:\/\/www.facebook.com\/rondeaunet\",\"https:\/\/x.com\/rondeaunet\"]}]}<\/script>\n<!-- \/ Yoast SEO plugin. -->","yoast_head_json":{"title":"Limpieza del lugar - RONDEAUNET Inc","description":"Experts en nettoyage r\u00e9sidentiel et commercial au Qu\u00e9bec. Service professionnel, rapide et efficace pour un environnement propre et sain. Demandez une soumission gratuite d\u00e8s aujourd\u2019hui !","robots":{"index":"index","follow":"follow","max-snippet":"max-snippet:-1","max-image-preview":"max-image-preview:large","max-video-preview":"max-video-preview:-1"},"canonical":"https:\/\/rondeaunet.ca\/es\/servicios\/limpieza-del-lugar\/","og_locale":"es_ES","og_type":"article","og_title":"Limpieza del lugar - RONDEAUNET Inc","og_description":"Experts en nettoyage r\u00e9sidentiel et commercial au Qu\u00e9bec. Service professionnel, rapide et efficace pour un environnement propre et sain. Demandez une soumission gratuite d\u00e8s aujourd\u2019hui !","og_url":"https:\/\/rondeaunet.ca\/es\/servicios\/limpieza-del-lugar\/","og_site_name":"RONDEAUNET Inc","article_publisher":"https:\/\/www.facebook.com\/rondeaunet","article_modified_time":"2026-01-27T19:06:55+00:00","og_image":[{"width":1291,"height":864,"url":"https:\/\/rondeaunet.ca\/wp-content\/uploads\/2023\/03\/vitre-slider-home.jpg","type":"image\/jpeg"}],"twitter_card":"summary_large_image","twitter_site":"@rondeaunet","twitter_misc":{"Tiempo de lectura":"1 minuto"},"schema":{"@context":"https:\/\/schema.org","@graph":[{"@type":"WebPage","@id":"https:\/\/rondeaunet.ca\/es\/servicios\/limpieza-del-lugar\/","url":"https:\/\/rondeaunet.ca\/es\/servicios\/limpieza-del-lugar\/","name":"Limpieza del lugar - RONDEAUNET Inc","isPartOf":{"@id":"https:\/\/wp.rondeaunet.ca\/#website"},"datePublished":"2021-11-11T03:48:53+00:00","dateModified":"2026-01-27T19:06:55+00:00","description":"Experts en nettoyage r\u00e9sidentiel et commercial au Qu\u00e9bec. Service professionnel, rapide et efficace pour un environnement propre et sain. Demandez une soumission gratuite d\u00e8s aujourd\u2019hui !","breadcrumb":{"@id":"https:\/\/rondeaunet.ca\/es\/servicios\/limpieza-del-lugar\/#breadcrumb"},"inLanguage":"es","potentialAction":[{"@type":"ReadAction","target":["https:\/\/rondeaunet.ca\/es\/servicios\/limpieza-del-lugar\/"]}]},{"@type":"BreadcrumbList","@id":"https:\/\/rondeaunet.ca\/es\/servicios\/limpieza-del-lugar\/#breadcrumb","itemListElement":[{"@type":"ListItem","position":1,"name":"Accueil","item":"https:\/\/rondeaunet.ca\/"},{"@type":"ListItem","position":2,"name":"SERVICIOS","item":"https:\/\/rondeaunet.ca\/es\/servicios\/"},{"@type":"ListItem","position":3,"name":"Limpieza del lugar"}]},{"@type":"WebSite","@id":"https:\/\/wp.rondeaunet.ca\/#website","url":"https:\/\/wp.rondeaunet.ca\/","name":"RONDEAUNET Inc","description":"Services aux immeubles","publisher":{"@id":"https:\/\/wp.rondeaunet.ca\/#organization"},"potentialAction":[{"@type":"SearchAction","target":{"@type":"EntryPoint","urlTemplate":"https:\/\/wp.rondeaunet.ca\/?s={search_term_string}"},"query-input":{"@type":"PropertyValueSpecification","valueRequired":true,"valueName":"search_term_string"}}],"inLanguage":"es"},{"@type":"Organization","@id":"https:\/\/wp.rondeaunet.ca\/#organization","name":"RONDEAUNET Inc","url":"https:\/\/wp.rondeaunet.ca\/","logo":{"@type":"ImageObject","inLanguage":"es","@id":"https:\/\/wp.rondeaunet.ca\/#\/schema\/logo\/image\/","url":"https:\/\/rondeaunet.ca\/wp-content\/uploads\/2023\/03\/cropped-R-tag.png","contentUrl":"https:\/\/rondeaunet.ca\/wp-content\/uploads\/2023\/03\/cropped-R-tag.png","width":512,"height":512,"caption":"RONDEAUNET Inc"},"image":{"@id":"https:\/\/wp.rondeaunet.ca\/#\/schema\/logo\/image\/"},"sameAs":["https:\/\/www.facebook.com\/rondeaunet","https:\/\/x.com\/rondeaunet"]}]}},"_links":{"self":[{"href":"https:\/\/rondeaunet.ca\/es\/wp-json\/wp\/v2\/pages\/6735","targetHints":{"allow":["GET"]}}],"collection":[{"href":"https:\/\/rondeaunet.ca\/es\/wp-json\/wp\/v2\/pages"}],"about":[{"href":"https:\/\/rondeaunet.ca\/es\/wp-json\/wp\/v2\/types\/page"}],"author":[{"embeddable":true,"href":"https:\/\/rondeaunet.ca\/es\/wp-json\/wp\/v2\/users\/2"}],"replies":[{"embeddable":true,"href":"https:\/\/rondeaunet.ca\/es\/wp-json\/wp\/v2\/comments?post=6735"}],"version-history":[{"count":3,"href":"https:\/\/rondeaunet.ca\/es\/wp-json\/wp\/v2\/pages\/6735\/revisions"}],"predecessor-version":[{"id":7832,"href":"https:\/\/rondeaunet.ca\/es\/wp-json\/wp\/v2\/pages\/6735\/revisions\/7832"}],"up":[{"embeddable":true,"href":"https:\/\/rondeaunet.ca\/es\/wp-json\/wp\/v2\/pages\/6726"}],"wp:attachment":[{"href":"https:\/\/rondeaunet.ca\/es\/wp-json\/wp\/v2\/media?parent=6735"}],"curies":[{"name":"wp","href":"https:\/\/api.w.org\/{rel}","templated":true}]}}