{"id":6730,"date":"2023-09-20T02:58:17","date_gmt":"2023-09-20T06:58:17","guid":{"rendered":"https:\/\/rondeaunet.ca\/politica-de-privacidad\/"},"modified":"2025-04-22T19:45:31","modified_gmt":"2025-04-23T00:45:31","slug":"politica-de-privacidad","status":"publish","type":"page","link":"https:\/\/rondeaunet.ca\/es\/politica-de-privacidad\/","title":{"rendered":"Pol\u00edtica de privacidad"},"content":{"rendered":"\t\t<div data-elementor-type=\"wp-page\" data-elementor-id=\"6730\" class=\"elementor elementor-6730 elementor-5823\" data-elementor-post-type=\"page\">\n\t\t\t\t\t\t<section class=\"elementor-section elementor-top-section elementor-element elementor-element-54a6c6e elementor-section-stretched elementor-section-boxed elementor-section-height-default elementor-section-height-default\" data-id=\"54a6c6e\" data-element_type=\"section\" data-settings=\"{&quot;stretch_section&quot;:&quot;section-stretched&quot;,&quot;jet_parallax_layout_list&quot;:[]}\">\n\t\t\t\t\t\t<div class=\"elementor-container elementor-column-gap-default\">\n\t\t\t\t\t<div class=\"elementor-column elementor-col-100 elementor-top-column elementor-element elementor-element-ef55ac9\" data-id=\"ef55ac9\" data-element_type=\"column\">\n\t\t\t<div class=\"elementor-widget-wrap elementor-element-populated\">\n\t\t\t\t\t\t<div class=\"elementor-element elementor-element-035c488 elementor-widget elementor-widget-heading\" data-id=\"035c488\" data-element_type=\"widget\" data-widget_type=\"heading.default\">\n\t\t\t\t<div class=\"elementor-widget-container\">\n\t\t\t\t\t<h1 class=\"elementor-heading-title elementor-size-default\">Pol\u00edtica de privacidad<\/h1>\t\t\t\t<\/div>\n\t\t\t\t<\/div>\n\t\t\t\t<div class=\"elementor-element elementor-element-8a1599b elementor-widget elementor-widget-html\" data-id=\"8a1599b\" data-element_type=\"widget\" data-widget_type=\"html.default\">\n\t\t\t\t<div class=\"elementor-widget-container\">\n\t\t\t\t\t<style>\n\t.privacy-policy-h1{  }\n\t.privacy-policy-h2{  }\n\t.privacy-policy-p{  }\n\t.privacy-policy-ol{  }\n\tspan.reverse{ unicode-bidi: bidi-override;  direction: rtl; }\n<\/style>\n\n<h3 class=\"privacy-policy-h1\"><span>\u00daltima actualizaci\u00f3n: 19 de septiembre de 2023<\/span>\n<br><span>Fecha de entrada en vigor: 19 de septiembre de 2023<\/span>\n<\/h3>\n\n<p class=\"privacy-policy-p\">\n  Esta Pol\u00edtica de Confidencialidad describe las pol\u00edticas de\n\n  RONDEAUNET_ Services aux Immeubles,\n 240 rue Maurice, Chambly, \n Qu\u00e9bec, Canad\u00e1,\n J3L 3A9.\n    \n e-mail: <span class=\"reverse\">ac.tenuaednor@ofni<\/span>,\n tel\u00e9fono: 514-284-2777\n\n  sobre la recopilaci\u00f3n, uso y divulgaci\u00f3n de la informaci\u00f3n que recopilamos cuando utilizas nuestro sitio web (Rondeaunet.ca).\n  (el \"Sitio\"). Al acceder o utilizar\n el Sitio\n, aceptas la recopilaci\u00f3n, uso y\n divulgaci\u00f3n de tu informaci\u00f3n de acuerdo con esta Pol\u00edtica de Privacidad\n. Si no aceptas los mismos t\u00e9rminos,\n por favor, no accedas ni utilices el Sitio.  \n<\/p>\n\n<p class=\"privacy-policy-p\">\n  Podemos cambiar esta Pol\u00edtica de Privacidad en cualquier momento sin previo aviso\n y publicaremos la Pol\u00edtica revisada en el Sitio. La Pol\u00edtica revisada de\n entrar\u00e1 en vigor 180 d\u00edas despu\u00e9s de su publicaci\u00f3n en el Servicio\n, y su acceso o uso continuado del Sitio despu\u00e9s de ese per\u00edodo\n constituir\u00e1 su aceptaci\u00f3n de la Pol\u00edtica de Privacidad revisada. Por lo tanto, te recomendamos que consultes esta p\u00e1gina peri\u00f3dicamente.  \n<\/p>\n\n<ul class=\"privacy-policy-ol\">\n\t<br>    <li>\n        <h4 class=\"privacy-policy-h2\">\n  1. Informaci\u00f3n que recogemos :\n        <\/h4>\n\n        <p class=\"privacy-policy-p\">\n  Recopilaremos y procesaremos la siguiente informaci\u00f3n personal sobre ti:\n        <\/p>\n\t\t\n        <ol class=\"privacy-policy-ol\">\n\t\t\t<li>Nombre y apellidos<\/li>            \n\t\t\t<li>Env\u00eda un correo electr\u00f3nico a<\/li>\n\t\t\t<li>Tel\u00e9fono<\/li>\n\t\t\t<li>Direcci\u00f3n<\/li>\n        <\/ol>\n\n    <\/li>\n    <br>\t<li>\n        <h4 class=\"privacy-policy-h2\">\n  2. C\u00f3mo utilizamos tu informaci\u00f3n:\n        <\/h4>\n        <p class=\"privacy-policy-p\">\n  Utilizaremos la informaci\u00f3n que recopilemos\n sobre ti para los siguientes fines:\n        <\/p>\n        <ol class=\"privacy-policy-ol\">\n\t\t\t<li>Actividad de vela<\/li>\n            <li>Marketing \/ Promoci\u00f3n<\/li>\n            <li>Crear una cuenta de usuario<\/li>\n            <li>Recoger las opiniones de los clientes<\/li>\n\t\t\t<li>Gesti\u00f3n de pedidos de clientes<\/li>\n\t\t\t<li>Protecci\u00f3n del lugar<\/li>\n\t\t\t<li>Resoluci\u00f3n de conflictos<\/li>\n\t\t\t<li>Gesti\u00f3n de cuentas de usuario<\/li>\n\t\t\t<li>Proporciona la informaci\u00f3n que necesites<\/li>\n            <li>Tramitar correctamente tus solicitudes<\/li>\n            <li>Establecer y mantener nuestra relaci\u00f3n comercial contigo<\/li>\n            <li>Cumplir los requisitos de la ley<\/li>\n        <\/ol>\n        <br>        <p class=\"privacy-policy-p\">\n  Si deseamos utilizar tu informaci\u00f3n para otros fines, te pediremos tu consentimiento y s\u00f3lo utilizaremos tu informaci\u00f3n si recibimos tu consentimiento\n, y entonces s\u00f3lo para los fines para los que has dado tu consentimiento\n, a menos que la ley nos obligue a hacer otra cosa.\n        <\/p>\n    <\/li>    \n    <br>\t<li>\n        <h4 class=\"privacy-policy-h2\">\n  3. Almacenamiento de tu informaci\u00f3n :\n        <\/h4>\n        <p class=\"privacy-policy-p\">\n  Conservaremos tu informaci\u00f3n personal entre 90 d\u00edas y 2 a\u00f1os despu\u00e9s de la cancelaci\u00f3n de las cuentas de usuario o durante el tiempo que la necesitemos para cumplir los fines para los que fue recopilada, tal y como se establece en esta Pol\u00edtica de privacidad. Es posible que necesitemos conservar cierta informaci\u00f3n durante per\u00edodos m\u00e1s largos, como el mantenimiento de registros\/informes de acuerdo con la legislaci\u00f3n aplicable o por otras razones leg\u00edtimas, como el cumplimiento de derechos legales, la prevenci\u00f3n del fraude, etc. La informaci\u00f3n an\u00f3nima residual y la informaci\u00f3n agregada, que no te identifica (directa o indirectamente), puede almacenarse indefinidamente.  \n        <\/p>\n    <\/li>\n    <br>    <li>\n        <h4 class=\"privacy-policy-h2\">\n  4. Tus derechos :\n        <\/h4>\n        <p class=\"privacy-policy-p\">\n  Dependiendo de la legislaci\u00f3n aplicable, puedes tener\n derecho a acceder, rectificar o suprimir tus datos personales, recibir una copia de tus datos personales, limitar u oponerte al tratamiento activo de tus datos, pedirnos que compartamos (portemos) tu informaci\u00f3n personal a otra entidad, retirar cualquier consentimiento que nos hayas dado para tratar tus datos, derecho a presentar una reclamaci\u00f3n ante una autoridad legal y otros derechos pertinentes en virtud de la legislaci\u00f3n aplicable. Para ejercer estos derechos, puedes escribirnos a\n <span class=\"reverse\">ac.tenuaednor@ofni<\/span>\n Responderemos a tu solicitud de conformidad con la legislaci\u00f3n aplicable. \n        <\/p>\n\n        <p class=\"privacy-policy-p\">\n  Puedes optar por no recibir comunicaciones de marketing directo de\n o de la elaboraci\u00f3n de perfiles que realizamos con fines de marketing\n escribi\u00e9ndonos a\n <span class=\"reverse\">ac.tenuaednor@ofni<\/span>\n        <\/p>\n        \n        <p class=\"privacy-policy-p\">\n  Ten en cuenta que si no nos autorizas a recopilar\n o a procesar la informaci\u00f3n personal requerida o retiras el consentimiento a\n para procesar la informaci\u00f3n personal requerida para los fines requeridos, es posible que no puedas acceder a\n o utilizar los servicios para los que se solicit\u00f3 tu informaci\u00f3n\n.\n        <\/p>\n    <\/li>\n    <br>    <li>\n        <h4 class=\"privacy-policy-h2\">\n  5. Cookies, etc.\n        <\/h4>\n        <p class=\"privacy-policy-p\">\n  Para obtener m\u00e1s informaci\u00f3n sobre c\u00f3mo utilizamos estas tecnolog\u00edas\n y tus opciones con respecto a estas tecnolog\u00edas de seguimiento, consulta nuestra <a href=\"https:\/\/wp.rondeaunet.ca\/es\/politica-de-cookies\/\">Pol\u00edtica de cookies<\/a>\n .\n        <\/p>\n    <\/li>\n    <br>    <li>\n        <h4 class=\"privacy-policy-h2\">\n  6. Seguridad :\n        <\/h4>\n        <p class=\"privacy-policy-p\">\n  La seguridad de tu informaci\u00f3n es importante para\n, y utilizaremos medidas de seguridad razonables\n para evitar la p\u00e9rdida, el uso indebido o la alteraci\u00f3n no autorizada de tu informaci\u00f3n bajo nuestro control\n. Sin embargo, dados los riesgos inherentes, no podemos garantizar una seguridad absoluta y,\n en consecuencia, no podemos asegurar ni garantizar la seguridad de toda la informaci\u00f3n que\n nos transmitas,\n y lo haces bajo tu propia responsabilidad.\n        <\/p>\n    <\/li>\n    <br>    <li>\n        <h4 class=\"privacy-policy-h2\">\n  7. Responsable de reclamaciones \/ protecci\u00f3n de datos :\n        <\/h4>\n        <p class=\"privacy-policy-p\">\n  Si tienes alguna pregunta o duda sobre\n el procesamiento de tu informaci\u00f3n disponible\n con nosotros, puedes enviar un correo electr\u00f3nico a nuestra persona designada responsable de la informaci\u00f3n personal:<br> Simon Rondeau en\n RONDEAUNET_ Services aux Immeubles,\n            <br> Correo electr\u00f3nico: <span class=\"reverse\">ac.tenuaednor@ofni<\/span>\n            <br> Trataremos tus dudas de acuerdo con la legislaci\u00f3n aplicable.\n        <\/p>\n    <\/li>\n    <br>\t<li>\n        <h4 class=\"privacy-policy-h2\">\n  8. Servicios y sitios web de terceros\n        <\/h4>\n\t\t<p class=\"privacy-policy-p\">\n  Esta Pol\u00edtica se aplica \u00fanicamente a nuestro Sitio, y no se extiende a sitios web, productos o servicios proporcionados por terceros. No asumimos ninguna responsabilidad por las pr\u00e1cticas de privacidad de dichos terceros. \n\n  Cuando haces clic en un enlace y abandonas el sitio Web de RONDEAUNET_ Services aux Immeubles, la informaci\u00f3n intercambiada a partir de ese momento ya no est\u00e1 sujeta a la pol\u00edtica de privacidad de RONDEAUNET_ Services aux Immeubles, sino a la del sitio privado de redireccionamiento. Como precauci\u00f3n, te invitamos a leer la pol\u00edtica de privacidad del sitio en cuesti\u00f3n. \n\t\t<\/p>\n\t<\/li>\n\t<br>\t<li>\n        <h4 class=\"privacy-policy-h2\">\n  9. Alojamiento y almacenamiento\n        <\/h4>\n\t\t<p class=\"privacy-policy-p\">\n  Tus Datos Personales est\u00e1n alojados actualmente en Quebec (Canad\u00e1), pero tambi\u00e9n en Estados Unidos con proveedores de servicios. Tu Informaci\u00f3n Personal alojada en Estados Unidos est\u00e1 sujeta a normas diferentes de protecci\u00f3n de la Informaci\u00f3n Personal, ya que est\u00e1 sujeta a las leyes aplicables localmente y puede ser revelada a los gobiernos, tribunales o agencias de cumplimiento de la ley o reguladoras de ese otro pa\u00eds, de acuerdo con las leyes all\u00ed vigentes. Sin embargo, nuestras pr\u00e1cticas relativas a tus Datos Personales seguir\u00e1n rigi\u00e9ndose en todo momento por la presente Pol\u00edtica de Privacidad.\n\t\t<\/p>\n\t<\/li>\n\t<br>\t<li>\n        <h4 class=\"privacy-policy-h2\">\n  10. Datos personales de menores\n        <\/h4>\n\t\t<p class=\"privacy-policy-p\">\n  No recopilamos conscientemente Informaci\u00f3n Personal de personas menores de 18 a\u00f1os. Si eres menor de 18 a\u00f1os, no debes facilitarnos tus Datos Personales sin el consentimiento de tus padres o tutores. Si eres padre o tutor y descubres que tu hijo menor de 18 a\u00f1os ha proporcionado Datos Personales sin consentimiento, puedes notific\u00e1rnoslo utilizando los datos de contacto que aparecen en la secci\u00f3n \"Contacto\" m\u00e1s abajo y solicitar que eliminemos los Datos Personales de ese menor de nuestros sistemas.\n\t\t<\/p>\n\t<\/li>\n<\/ul>\t\t\t\t<\/div>\n\t\t\t\t<\/div>\n\t\t\t\t\t<\/div>\n\t\t<\/div>\n\t\t\t\t\t<\/div>\n\t\t<\/section>\n\t\t\t\t<\/div>\n\t\t","protected":false},"excerpt":{"rendered":"<p>Pol\u00edtica de privacidad \u00daltima actualizaci\u00f3n: 19 de septiembre de 2023 Fecha de entrada en vigor: 19 de septiembre de 2023 Esta Pol\u00edtica de Confidencialidad describe las pol\u00edticas de RONDEAUNET_ Services aux Immeubles, 240 rue Maurice, Chambly, Qu\u00e9bec, Canad\u00e1, J3L 3A9. e-mail: ac.tenuaednor@ofni, tel\u00e9fono: 514-284-2777 sobre la recopilaci\u00f3n, uso y divulgaci\u00f3n de la informaci\u00f3n que recopilamos [&hellip;]<\/p>\n","protected":false},"author":1,"featured_media":0,"parent":0,"menu_order":0,"comment_status":"closed","ping_status":"closed","template":"elementor_theme","meta":{"_jet_sm_ready_style":"","_jet_sm_style":"","_jet_sm_controls_values":"","_jet_sm_fonts_collection":"","_jet_sm_fonts_links":"","footnotes":""},"class_list":["post-6730","page","type-page","status-publish","hentry"],"yoast_head":"<!-- This site is optimized with the Yoast SEO plugin v27.1.1 - https:\/\/yoast.com\/product\/yoast-seo-wordpress\/ -->\n<title>Pol\u00edtica de privacidad - RONDEAUNET Inc<\/title>\n<meta name=\"description\" content=\"Experts en nettoyage r\u00e9sidentiel et commercial au Qu\u00e9bec. Service professionnel, rapide et efficace pour un environnement propre et sain. Demandez une soumission gratuite d\u00e8s aujourd\u2019hui !\" \/>\n<meta name=\"robots\" content=\"index, follow, max-snippet:-1, max-image-preview:large, max-video-preview:-1\" \/>\n<link rel=\"canonical\" href=\"https:\/\/rondeaunet.ca\/es\/politica-de-privacidad\/\" \/>\n<meta property=\"og:locale\" content=\"es_ES\" \/>\n<meta property=\"og:type\" content=\"article\" \/>\n<meta property=\"og:title\" content=\"Pol\u00edtica de privacidad - RONDEAUNET Inc\" \/>\n<meta property=\"og:description\" content=\"Experts en nettoyage r\u00e9sidentiel et commercial au Qu\u00e9bec. Service professionnel, rapide et efficace pour un environnement propre et sain. Demandez une soumission gratuite d\u00e8s aujourd\u2019hui !\" \/>\n<meta property=\"og:url\" content=\"https:\/\/rondeaunet.ca\/es\/politica-de-privacidad\/\" \/>\n<meta property=\"og:site_name\" content=\"RONDEAUNET Inc\" \/>\n<meta property=\"article:publisher\" content=\"https:\/\/www.facebook.com\/rondeaunet\" \/>\n<meta property=\"article:modified_time\" content=\"2025-04-23T00:45:31+00:00\" \/>\n<meta property=\"og:image\" content=\"https:\/\/rondeaunet.ca\/wp-content\/uploads\/2023\/03\/vitre-slider-home.jpg\" \/>\n\t<meta property=\"og:image:width\" content=\"1291\" \/>\n\t<meta property=\"og:image:height\" content=\"864\" \/>\n\t<meta property=\"og:image:type\" content=\"image\/jpeg\" \/>\n<meta name=\"twitter:card\" content=\"summary_large_image\" \/>\n<meta name=\"twitter:site\" content=\"@rondeaunet\" \/>\n<meta name=\"twitter:label1\" content=\"Tiempo de lectura\" \/>\n\t<meta name=\"twitter:data1\" content=\"6 minutos\" \/>\n<script type=\"application\/ld+json\" class=\"yoast-schema-graph\">{\"@context\":\"https:\/\/schema.org\",\"@graph\":[{\"@type\":\"WebPage\",\"@id\":\"https:\/\/rondeaunet.ca\/es\/politica-de-privacidad\/\",\"url\":\"https:\/\/rondeaunet.ca\/es\/politica-de-privacidad\/\",\"name\":\"Pol\u00edtica de privacidad - RONDEAUNET Inc\",\"isPartOf\":{\"@id\":\"https:\/\/wp.rondeaunet.ca\/#website\"},\"datePublished\":\"2023-09-20T06:58:17+00:00\",\"dateModified\":\"2025-04-23T00:45:31+00:00\",\"description\":\"Experts en nettoyage r\u00e9sidentiel et commercial au Qu\u00e9bec. Service professionnel, rapide et efficace pour un environnement propre et sain. Demandez une soumission gratuite d\u00e8s aujourd\u2019hui !\",\"breadcrumb\":{\"@id\":\"https:\/\/rondeaunet.ca\/es\/politica-de-privacidad\/#breadcrumb\"},\"inLanguage\":\"es\",\"potentialAction\":[{\"@type\":\"ReadAction\",\"target\":[\"https:\/\/rondeaunet.ca\/es\/politica-de-privacidad\/\"]}]},{\"@type\":\"BreadcrumbList\",\"@id\":\"https:\/\/rondeaunet.ca\/es\/politica-de-privacidad\/#breadcrumb\",\"itemListElement\":[{\"@type\":\"ListItem\",\"position\":1,\"name\":\"Accueil\",\"item\":\"https:\/\/rondeaunet.ca\/\"},{\"@type\":\"ListItem\",\"position\":2,\"name\":\"Pol\u00edtica de privacidad\"}]},{\"@type\":\"WebSite\",\"@id\":\"https:\/\/wp.rondeaunet.ca\/#website\",\"url\":\"https:\/\/wp.rondeaunet.ca\/\",\"name\":\"RONDEAUNET Inc\",\"description\":\"Services aux immeubles\",\"publisher\":{\"@id\":\"https:\/\/wp.rondeaunet.ca\/#organization\"},\"potentialAction\":[{\"@type\":\"SearchAction\",\"target\":{\"@type\":\"EntryPoint\",\"urlTemplate\":\"https:\/\/wp.rondeaunet.ca\/?s={search_term_string}\"},\"query-input\":{\"@type\":\"PropertyValueSpecification\",\"valueRequired\":true,\"valueName\":\"search_term_string\"}}],\"inLanguage\":\"es\"},{\"@type\":\"Organization\",\"@id\":\"https:\/\/wp.rondeaunet.ca\/#organization\",\"name\":\"RONDEAUNET Inc\",\"url\":\"https:\/\/wp.rondeaunet.ca\/\",\"logo\":{\"@type\":\"ImageObject\",\"inLanguage\":\"es\",\"@id\":\"https:\/\/wp.rondeaunet.ca\/#\/schema\/logo\/image\/\",\"url\":\"https:\/\/rondeaunet.ca\/wp-content\/uploads\/2023\/03\/cropped-R-tag.png\",\"contentUrl\":\"https:\/\/rondeaunet.ca\/wp-content\/uploads\/2023\/03\/cropped-R-tag.png\",\"width\":512,\"height\":512,\"caption\":\"RONDEAUNET Inc\"},\"image\":{\"@id\":\"https:\/\/wp.rondeaunet.ca\/#\/schema\/logo\/image\/\"},\"sameAs\":[\"https:\/\/www.facebook.com\/rondeaunet\",\"https:\/\/x.com\/rondeaunet\"]}]}<\/script>\n<!-- \/ Yoast SEO plugin. -->","yoast_head_json":{"title":"Pol\u00edtica de privacidad - RONDEAUNET Inc","description":"Experts en nettoyage r\u00e9sidentiel et commercial au Qu\u00e9bec. Service professionnel, rapide et efficace pour un environnement propre et sain. Demandez une soumission gratuite d\u00e8s aujourd\u2019hui !","robots":{"index":"index","follow":"follow","max-snippet":"max-snippet:-1","max-image-preview":"max-image-preview:large","max-video-preview":"max-video-preview:-1"},"canonical":"https:\/\/rondeaunet.ca\/es\/politica-de-privacidad\/","og_locale":"es_ES","og_type":"article","og_title":"Pol\u00edtica de privacidad - RONDEAUNET Inc","og_description":"Experts en nettoyage r\u00e9sidentiel et commercial au Qu\u00e9bec. Service professionnel, rapide et efficace pour un environnement propre et sain. Demandez une soumission gratuite d\u00e8s aujourd\u2019hui !","og_url":"https:\/\/rondeaunet.ca\/es\/politica-de-privacidad\/","og_site_name":"RONDEAUNET Inc","article_publisher":"https:\/\/www.facebook.com\/rondeaunet","article_modified_time":"2025-04-23T00:45:31+00:00","og_image":[{"width":1291,"height":864,"url":"https:\/\/rondeaunet.ca\/wp-content\/uploads\/2023\/03\/vitre-slider-home.jpg","type":"image\/jpeg"}],"twitter_card":"summary_large_image","twitter_site":"@rondeaunet","twitter_misc":{"Tiempo de lectura":"6 minutos"},"schema":{"@context":"https:\/\/schema.org","@graph":[{"@type":"WebPage","@id":"https:\/\/rondeaunet.ca\/es\/politica-de-privacidad\/","url":"https:\/\/rondeaunet.ca\/es\/politica-de-privacidad\/","name":"Pol\u00edtica de privacidad - RONDEAUNET Inc","isPartOf":{"@id":"https:\/\/wp.rondeaunet.ca\/#website"},"datePublished":"2023-09-20T06:58:17+00:00","dateModified":"2025-04-23T00:45:31+00:00","description":"Experts en nettoyage r\u00e9sidentiel et commercial au Qu\u00e9bec. Service professionnel, rapide et efficace pour un environnement propre et sain. Demandez une soumission gratuite d\u00e8s aujourd\u2019hui !","breadcrumb":{"@id":"https:\/\/rondeaunet.ca\/es\/politica-de-privacidad\/#breadcrumb"},"inLanguage":"es","potentialAction":[{"@type":"ReadAction","target":["https:\/\/rondeaunet.ca\/es\/politica-de-privacidad\/"]}]},{"@type":"BreadcrumbList","@id":"https:\/\/rondeaunet.ca\/es\/politica-de-privacidad\/#breadcrumb","itemListElement":[{"@type":"ListItem","position":1,"name":"Accueil","item":"https:\/\/rondeaunet.ca\/"},{"@type":"ListItem","position":2,"name":"Pol\u00edtica de privacidad"}]},{"@type":"WebSite","@id":"https:\/\/wp.rondeaunet.ca\/#website","url":"https:\/\/wp.rondeaunet.ca\/","name":"RONDEAUNET Inc","description":"Services aux immeubles","publisher":{"@id":"https:\/\/wp.rondeaunet.ca\/#organization"},"potentialAction":[{"@type":"SearchAction","target":{"@type":"EntryPoint","urlTemplate":"https:\/\/wp.rondeaunet.ca\/?s={search_term_string}"},"query-input":{"@type":"PropertyValueSpecification","valueRequired":true,"valueName":"search_term_string"}}],"inLanguage":"es"},{"@type":"Organization","@id":"https:\/\/wp.rondeaunet.ca\/#organization","name":"RONDEAUNET Inc","url":"https:\/\/wp.rondeaunet.ca\/","logo":{"@type":"ImageObject","inLanguage":"es","@id":"https:\/\/wp.rondeaunet.ca\/#\/schema\/logo\/image\/","url":"https:\/\/rondeaunet.ca\/wp-content\/uploads\/2023\/03\/cropped-R-tag.png","contentUrl":"https:\/\/rondeaunet.ca\/wp-content\/uploads\/2023\/03\/cropped-R-tag.png","width":512,"height":512,"caption":"RONDEAUNET Inc"},"image":{"@id":"https:\/\/wp.rondeaunet.ca\/#\/schema\/logo\/image\/"},"sameAs":["https:\/\/www.facebook.com\/rondeaunet","https:\/\/x.com\/rondeaunet"]}]}},"_links":{"self":[{"href":"https:\/\/rondeaunet.ca\/es\/wp-json\/wp\/v2\/pages\/6730","targetHints":{"allow":["GET"]}}],"collection":[{"href":"https:\/\/rondeaunet.ca\/es\/wp-json\/wp\/v2\/pages"}],"about":[{"href":"https:\/\/rondeaunet.ca\/es\/wp-json\/wp\/v2\/types\/page"}],"author":[{"embeddable":true,"href":"https:\/\/rondeaunet.ca\/es\/wp-json\/wp\/v2\/users\/1"}],"replies":[{"embeddable":true,"href":"https:\/\/rondeaunet.ca\/es\/wp-json\/wp\/v2\/comments?post=6730"}],"version-history":[{"count":2,"href":"https:\/\/rondeaunet.ca\/es\/wp-json\/wp\/v2\/pages\/6730\/revisions"}],"predecessor-version":[{"id":7713,"href":"https:\/\/rondeaunet.ca\/es\/wp-json\/wp\/v2\/pages\/6730\/revisions\/7713"}],"wp:attachment":[{"href":"https:\/\/rondeaunet.ca\/es\/wp-json\/wp\/v2\/media?parent=6730"}],"curies":[{"name":"wp","href":"https:\/\/api.w.org\/{rel}","templated":true}]}}