{"id":6718,"date":"2023-09-29T12:43:57","date_gmt":"2023-09-29T17:43:57","guid":{"rendered":"https:\/\/rondeaunet.ca\/cortar-el-cesped-limpiar-la-maleza\/"},"modified":"2026-01-27T14:09:52","modified_gmt":"2026-01-27T19:09:52","slug":"cortar-el-cesped-limpiar-la-maleza","status":"publish","type":"page","link":"https:\/\/rondeaunet.ca\/es\/servicios\/cortar-el-cesped-limpiar-la-maleza\/","title":{"rendered":"Cortar el c\u00e9sped \/ limpiar la maleza"},"content":{"rendered":"<h3>CORTAR EL C\u00c9SPED \/ DESBROZAR  <\/h3>\n<p>Nuestro servicio de corte de c\u00e9sped y desbroce de maleza garantiza unos espacios exteriores impecables.<\/p>\n<p><b>C\u00c9SPED IMPECABLE<\/b>: Nos aseguramos de que tu c\u00e9sped est\u00e9 recortado a la perfecci\u00f3n, dando a tu espacio exterior un aspecto pulcro y ordenado.<\/p>\n<p><b>LIMPIEZA PROFESIONAL<\/b>: Limpiamos las zonas de vegetaci\u00f3n no deseada, dejando al descubierto un espacio exterior limpio y utilizable.<\/p>\n<p><b>MANTENIMIENTO DEL PA<\/b> ISAJE: Mantenemos todo tu paisaje, asegur\u00e1ndonos de que las plantas y los arbustos est\u00e1n bien cuidados.<\/p>\n<h3>NUESTROS SERVICIOS DE CORTE DE C\u00c9SPED \/ DESBROCE INCLUYEN:<\/h3>\n<h3>Divisiones:<\/h3>\n<p>Residencial<\/p>\n<p>Copropiedad<\/p>\n<p>Condominio comercial<\/p>\n<p>Comercio al por menor<\/p>\n<p>Oficina corporativa<\/p>\n<p>Centro comercial<\/p>\n<p>Centro<\/p>\n<p>Hotelero<\/p>\n<p>Institucional<\/p>\n<p>Gobierno<\/p>\n","protected":false},"excerpt":{"rendered":"<p>CORTAR EL C\u00c9SPED \/ DESBROZAR Nuestro servicio de corte de c\u00e9sped y desbroce de maleza garantiza unos espacios exteriores impecables. C\u00c9SPED IMPECABLE: Nos aseguramos de que tu c\u00e9sped est\u00e9 recortado a la perfecci\u00f3n, dando a tu espacio exterior un aspecto pulcro y ordenado. LIMPIEZA PROFESIONAL: Limpiamos las zonas de vegetaci\u00f3n no deseada, dejando al descubierto [&hellip;]<\/p>\n","protected":false},"author":1,"featured_media":0,"parent":6726,"menu_order":0,"comment_status":"closed","ping_status":"closed","template":"","meta":{"_jet_sm_ready_style":"","_jet_sm_style":"","_jet_sm_controls_values":"","_jet_sm_fonts_collection":"","_jet_sm_fonts_links":"","footnotes":""},"class_list":["post-6718","page","type-page","status-publish","hentry"],"yoast_head":"<!-- This site is optimized with the Yoast SEO plugin v27.1.1 - https:\/\/yoast.com\/product\/yoast-seo-wordpress\/ -->\n<title>Cortar el c\u00e9sped \/ limpiar la maleza - RONDEAUNET Inc<\/title>\n<meta name=\"description\" content=\"Experts en nettoyage r\u00e9sidentiel et commercial au Qu\u00e9bec. Service professionnel, rapide et efficace pour un environnement propre et sain. Demandez une soumission gratuite d\u00e8s aujourd\u2019hui !\" \/>\n<meta name=\"robots\" content=\"index, follow, max-snippet:-1, max-image-preview:large, max-video-preview:-1\" \/>\n<link rel=\"canonical\" href=\"https:\/\/rondeaunet.ca\/es\/servicios\/cortar-el-cesped-limpiar-la-maleza\/\" \/>\n<meta property=\"og:locale\" content=\"es_ES\" \/>\n<meta property=\"og:type\" content=\"article\" \/>\n<meta property=\"og:title\" content=\"Cortar el c\u00e9sped \/ limpiar la maleza - RONDEAUNET Inc\" \/>\n<meta property=\"og:description\" content=\"Experts en nettoyage r\u00e9sidentiel et commercial au Qu\u00e9bec. Service professionnel, rapide et efficace pour un environnement propre et sain. Demandez une soumission gratuite d\u00e8s aujourd\u2019hui !\" \/>\n<meta property=\"og:url\" content=\"https:\/\/rondeaunet.ca\/es\/servicios\/cortar-el-cesped-limpiar-la-maleza\/\" \/>\n<meta property=\"og:site_name\" content=\"RONDEAUNET Inc\" \/>\n<meta property=\"article:publisher\" content=\"https:\/\/www.facebook.com\/rondeaunet\" \/>\n<meta property=\"article:modified_time\" content=\"2026-01-27T19:09:52+00:00\" \/>\n<meta property=\"og:image\" content=\"https:\/\/rondeaunet.ca\/wp-content\/uploads\/2023\/03\/vitre-slider-home.jpg\" \/>\n\t<meta property=\"og:image:width\" content=\"1291\" \/>\n\t<meta property=\"og:image:height\" content=\"864\" \/>\n\t<meta property=\"og:image:type\" content=\"image\/jpeg\" \/>\n<meta name=\"twitter:card\" content=\"summary_large_image\" \/>\n<meta name=\"twitter:site\" content=\"@rondeaunet\" \/>\n<meta name=\"twitter:label1\" content=\"Tiempo de lectura\" \/>\n\t<meta name=\"twitter:data1\" content=\"1 minuto\" \/>\n<script type=\"application\/ld+json\" class=\"yoast-schema-graph\">{\"@context\":\"https:\/\/schema.org\",\"@graph\":[{\"@type\":\"WebPage\",\"@id\":\"https:\/\/rondeaunet.ca\/es\/servicios\/cortar-el-cesped-limpiar-la-maleza\/\",\"url\":\"https:\/\/rondeaunet.ca\/es\/servicios\/cortar-el-cesped-limpiar-la-maleza\/\",\"name\":\"Cortar el c\u00e9sped \/ limpiar la maleza - RONDEAUNET Inc\",\"isPartOf\":{\"@id\":\"https:\/\/wp.rondeaunet.ca\/#website\"},\"datePublished\":\"2023-09-29T17:43:57+00:00\",\"dateModified\":\"2026-01-27T19:09:52+00:00\",\"description\":\"Experts en nettoyage r\u00e9sidentiel et commercial au Qu\u00e9bec. Service professionnel, rapide et efficace pour un environnement propre et sain. Demandez une soumission gratuite d\u00e8s aujourd\u2019hui !\",\"breadcrumb\":{\"@id\":\"https:\/\/rondeaunet.ca\/es\/servicios\/cortar-el-cesped-limpiar-la-maleza\/#breadcrumb\"},\"inLanguage\":\"es\",\"potentialAction\":[{\"@type\":\"ReadAction\",\"target\":[\"https:\/\/rondeaunet.ca\/es\/servicios\/cortar-el-cesped-limpiar-la-maleza\/\"]}]},{\"@type\":\"BreadcrumbList\",\"@id\":\"https:\/\/rondeaunet.ca\/es\/servicios\/cortar-el-cesped-limpiar-la-maleza\/#breadcrumb\",\"itemListElement\":[{\"@type\":\"ListItem\",\"position\":1,\"name\":\"Accueil\",\"item\":\"https:\/\/rondeaunet.ca\/\"},{\"@type\":\"ListItem\",\"position\":2,\"name\":\"SERVICIOS\",\"item\":\"https:\/\/rondeaunet.ca\/es\/servicios\/\"},{\"@type\":\"ListItem\",\"position\":3,\"name\":\"Cortar el c\u00e9sped \/ limpiar la maleza\"}]},{\"@type\":\"WebSite\",\"@id\":\"https:\/\/wp.rondeaunet.ca\/#website\",\"url\":\"https:\/\/wp.rondeaunet.ca\/\",\"name\":\"RONDEAUNET Inc\",\"description\":\"Services aux immeubles\",\"publisher\":{\"@id\":\"https:\/\/wp.rondeaunet.ca\/#organization\"},\"potentialAction\":[{\"@type\":\"SearchAction\",\"target\":{\"@type\":\"EntryPoint\",\"urlTemplate\":\"https:\/\/wp.rondeaunet.ca\/?s={search_term_string}\"},\"query-input\":{\"@type\":\"PropertyValueSpecification\",\"valueRequired\":true,\"valueName\":\"search_term_string\"}}],\"inLanguage\":\"es\"},{\"@type\":\"Organization\",\"@id\":\"https:\/\/wp.rondeaunet.ca\/#organization\",\"name\":\"RONDEAUNET Inc\",\"url\":\"https:\/\/wp.rondeaunet.ca\/\",\"logo\":{\"@type\":\"ImageObject\",\"inLanguage\":\"es\",\"@id\":\"https:\/\/wp.rondeaunet.ca\/#\/schema\/logo\/image\/\",\"url\":\"https:\/\/rondeaunet.ca\/wp-content\/uploads\/2023\/03\/cropped-R-tag.png\",\"contentUrl\":\"https:\/\/rondeaunet.ca\/wp-content\/uploads\/2023\/03\/cropped-R-tag.png\",\"width\":512,\"height\":512,\"caption\":\"RONDEAUNET Inc\"},\"image\":{\"@id\":\"https:\/\/wp.rondeaunet.ca\/#\/schema\/logo\/image\/\"},\"sameAs\":[\"https:\/\/www.facebook.com\/rondeaunet\",\"https:\/\/x.com\/rondeaunet\"]}]}<\/script>\n<!-- \/ Yoast SEO plugin. -->","yoast_head_json":{"title":"Cortar el c\u00e9sped \/ limpiar la maleza - RONDEAUNET Inc","description":"Experts en nettoyage r\u00e9sidentiel et commercial au Qu\u00e9bec. Service professionnel, rapide et efficace pour un environnement propre et sain. Demandez une soumission gratuite d\u00e8s aujourd\u2019hui !","robots":{"index":"index","follow":"follow","max-snippet":"max-snippet:-1","max-image-preview":"max-image-preview:large","max-video-preview":"max-video-preview:-1"},"canonical":"https:\/\/rondeaunet.ca\/es\/servicios\/cortar-el-cesped-limpiar-la-maleza\/","og_locale":"es_ES","og_type":"article","og_title":"Cortar el c\u00e9sped \/ limpiar la maleza - RONDEAUNET Inc","og_description":"Experts en nettoyage r\u00e9sidentiel et commercial au Qu\u00e9bec. Service professionnel, rapide et efficace pour un environnement propre et sain. Demandez une soumission gratuite d\u00e8s aujourd\u2019hui !","og_url":"https:\/\/rondeaunet.ca\/es\/servicios\/cortar-el-cesped-limpiar-la-maleza\/","og_site_name":"RONDEAUNET Inc","article_publisher":"https:\/\/www.facebook.com\/rondeaunet","article_modified_time":"2026-01-27T19:09:52+00:00","og_image":[{"width":1291,"height":864,"url":"https:\/\/rondeaunet.ca\/wp-content\/uploads\/2023\/03\/vitre-slider-home.jpg","type":"image\/jpeg"}],"twitter_card":"summary_large_image","twitter_site":"@rondeaunet","twitter_misc":{"Tiempo de lectura":"1 minuto"},"schema":{"@context":"https:\/\/schema.org","@graph":[{"@type":"WebPage","@id":"https:\/\/rondeaunet.ca\/es\/servicios\/cortar-el-cesped-limpiar-la-maleza\/","url":"https:\/\/rondeaunet.ca\/es\/servicios\/cortar-el-cesped-limpiar-la-maleza\/","name":"Cortar el c\u00e9sped \/ limpiar la maleza - RONDEAUNET Inc","isPartOf":{"@id":"https:\/\/wp.rondeaunet.ca\/#website"},"datePublished":"2023-09-29T17:43:57+00:00","dateModified":"2026-01-27T19:09:52+00:00","description":"Experts en nettoyage r\u00e9sidentiel et commercial au Qu\u00e9bec. Service professionnel, rapide et efficace pour un environnement propre et sain. Demandez une soumission gratuite d\u00e8s aujourd\u2019hui !","breadcrumb":{"@id":"https:\/\/rondeaunet.ca\/es\/servicios\/cortar-el-cesped-limpiar-la-maleza\/#breadcrumb"},"inLanguage":"es","potentialAction":[{"@type":"ReadAction","target":["https:\/\/rondeaunet.ca\/es\/servicios\/cortar-el-cesped-limpiar-la-maleza\/"]}]},{"@type":"BreadcrumbList","@id":"https:\/\/rondeaunet.ca\/es\/servicios\/cortar-el-cesped-limpiar-la-maleza\/#breadcrumb","itemListElement":[{"@type":"ListItem","position":1,"name":"Accueil","item":"https:\/\/rondeaunet.ca\/"},{"@type":"ListItem","position":2,"name":"SERVICIOS","item":"https:\/\/rondeaunet.ca\/es\/servicios\/"},{"@type":"ListItem","position":3,"name":"Cortar el c\u00e9sped \/ limpiar la maleza"}]},{"@type":"WebSite","@id":"https:\/\/wp.rondeaunet.ca\/#website","url":"https:\/\/wp.rondeaunet.ca\/","name":"RONDEAUNET Inc","description":"Services aux immeubles","publisher":{"@id":"https:\/\/wp.rondeaunet.ca\/#organization"},"potentialAction":[{"@type":"SearchAction","target":{"@type":"EntryPoint","urlTemplate":"https:\/\/wp.rondeaunet.ca\/?s={search_term_string}"},"query-input":{"@type":"PropertyValueSpecification","valueRequired":true,"valueName":"search_term_string"}}],"inLanguage":"es"},{"@type":"Organization","@id":"https:\/\/wp.rondeaunet.ca\/#organization","name":"RONDEAUNET Inc","url":"https:\/\/wp.rondeaunet.ca\/","logo":{"@type":"ImageObject","inLanguage":"es","@id":"https:\/\/wp.rondeaunet.ca\/#\/schema\/logo\/image\/","url":"https:\/\/rondeaunet.ca\/wp-content\/uploads\/2023\/03\/cropped-R-tag.png","contentUrl":"https:\/\/rondeaunet.ca\/wp-content\/uploads\/2023\/03\/cropped-R-tag.png","width":512,"height":512,"caption":"RONDEAUNET Inc"},"image":{"@id":"https:\/\/wp.rondeaunet.ca\/#\/schema\/logo\/image\/"},"sameAs":["https:\/\/www.facebook.com\/rondeaunet","https:\/\/x.com\/rondeaunet"]}]}},"_links":{"self":[{"href":"https:\/\/rondeaunet.ca\/es\/wp-json\/wp\/v2\/pages\/6718","targetHints":{"allow":["GET"]}}],"collection":[{"href":"https:\/\/rondeaunet.ca\/es\/wp-json\/wp\/v2\/pages"}],"about":[{"href":"https:\/\/rondeaunet.ca\/es\/wp-json\/wp\/v2\/types\/page"}],"author":[{"embeddable":true,"href":"https:\/\/rondeaunet.ca\/es\/wp-json\/wp\/v2\/users\/1"}],"replies":[{"embeddable":true,"href":"https:\/\/rondeaunet.ca\/es\/wp-json\/wp\/v2\/comments?post=6718"}],"version-history":[{"count":4,"href":"https:\/\/rondeaunet.ca\/es\/wp-json\/wp\/v2\/pages\/6718\/revisions"}],"predecessor-version":[{"id":7840,"href":"https:\/\/rondeaunet.ca\/es\/wp-json\/wp\/v2\/pages\/6718\/revisions\/7840"}],"up":[{"embeddable":true,"href":"https:\/\/rondeaunet.ca\/es\/wp-json\/wp\/v2\/pages\/6726"}],"wp:attachment":[{"href":"https:\/\/rondeaunet.ca\/es\/wp-json\/wp\/v2\/media?parent=6718"}],"curies":[{"name":"wp","href":"https:\/\/api.w.org\/{rel}","templated":true}]}}