{"id":6712,"date":"2023-09-29T11:54:41","date_gmt":"2023-09-29T16:54:41","guid":{"rendered":"https:\/\/rondeaunet.ca\/limpieza-de-nieve\/"},"modified":"2026-01-27T14:02:13","modified_gmt":"2026-01-27T19:02:13","slug":"limpieza-de-nieve","status":"publish","type":"page","link":"https:\/\/rondeaunet.ca\/es\/servicios\/limpieza-de-nieve\/","title":{"rendered":"Limpieza de nieve"},"content":{"rendered":"<h3>LIMPIEZA DE NIEVE<\/h3>\n<p>No dejes que el invierno altere tu rutina diaria. Nuestro eficaz servicio de limpieza de nieve garantiza un acceso seguro para todos, incluso con tiempo helado. <\/p>\n<p><b>RETIRADA DEL APARCAMIENTO PROFESIONAL<\/b>: Mantenemos tu aparcamiento para proporcionar un acceso seguro y c\u00f3modo, incluso durante las tormentas, garantizando la fluidez del tr\u00e1fico.<\/p>\n<p><b>RETIRADA R\u00c1PIDA<\/b> DE LA NIEVE: Nuestros equipos reaccionan r\u00e1pidamente para retirar la nieve fresca, minimizando las molestias.<\/p>\n<p><b>TRABAJO 24\/7<\/b>: Estamos disponibles 24 horas al d\u00eda, 7 d\u00edas a la semana, para hacer frente a todas las condiciones meteorol\u00f3gicas.<\/p>\n<p><b>EQUIPOS<\/b> DE RETIRADA DE <b>NIEVE DE VANGUARDIA<\/b>: Utilizamos equipos de retirada de nieve de vanguardia para lograr la m\u00e1xima eficacia.<\/p>\n<p><b>LIMPIEZA<\/b> DE TEJADOS: Limpiamos la nieve de los tejados para evitar da\u00f1os estructurales causados por cargas de nieve excesivas.<\/p>\n<h3>NUESTROS SERVICIOS DE RETIRADA DE NIEVE INCLUYEN:<\/h3>\n<h3>Divisiones:<\/h3>\n<p>Residencial<\/p>\n<p>Copropiedad<\/p>\n<p>Condominio comercial<\/p>\n<p>Comercio al por menor<\/p>\n<p>Oficina corporativa<\/p>\n<p>Centro comercial<\/p>\n<p>Centro<\/p>\n<p>Hotelero<\/p>\n<p>Institucional<\/p>\n<p>Gobierno<\/p>\n","protected":false},"excerpt":{"rendered":"<p>LIMPIEZA DE NIEVE No dejes que el invierno altere tu rutina diaria. Nuestro eficaz servicio de limpieza de nieve garantiza un acceso seguro para todos, incluso con tiempo helado. RETIRADA DEL APARCAMIENTO PROFESIONAL: Mantenemos tu aparcamiento para proporcionar un acceso seguro y c\u00f3modo, incluso durante las tormentas, garantizando la fluidez del tr\u00e1fico. RETIRADA R\u00c1PIDA DE [&hellip;]<\/p>\n","protected":false},"author":1,"featured_media":0,"parent":6726,"menu_order":0,"comment_status":"closed","ping_status":"closed","template":"","meta":{"_jet_sm_ready_style":"","_jet_sm_style":"","_jet_sm_controls_values":"","_jet_sm_fonts_collection":"","_jet_sm_fonts_links":"","footnotes":""},"class_list":["post-6712","page","type-page","status-publish","hentry"],"yoast_head":"<!-- This site is optimized with the Yoast SEO plugin v27.1.1 - https:\/\/yoast.com\/product\/yoast-seo-wordpress\/ -->\n<title>Limpieza de nieve - RONDEAUNET Inc<\/title>\n<meta name=\"description\" content=\"Experts en nettoyage r\u00e9sidentiel et commercial au Qu\u00e9bec. Service professionnel, rapide et efficace pour un environnement propre et sain. Demandez une soumission gratuite d\u00e8s aujourd\u2019hui !\" \/>\n<meta name=\"robots\" content=\"index, follow, max-snippet:-1, max-image-preview:large, max-video-preview:-1\" \/>\n<link rel=\"canonical\" href=\"https:\/\/rondeaunet.ca\/es\/servicios\/limpieza-de-nieve\/\" \/>\n<meta property=\"og:locale\" content=\"es_ES\" \/>\n<meta property=\"og:type\" content=\"article\" \/>\n<meta property=\"og:title\" content=\"Limpieza de nieve - RONDEAUNET Inc\" \/>\n<meta property=\"og:description\" content=\"Experts en nettoyage r\u00e9sidentiel et commercial au Qu\u00e9bec. Service professionnel, rapide et efficace pour un environnement propre et sain. Demandez une soumission gratuite d\u00e8s aujourd\u2019hui !\" \/>\n<meta property=\"og:url\" content=\"https:\/\/rondeaunet.ca\/es\/servicios\/limpieza-de-nieve\/\" \/>\n<meta property=\"og:site_name\" content=\"RONDEAUNET Inc\" \/>\n<meta property=\"article:publisher\" content=\"https:\/\/www.facebook.com\/rondeaunet\" \/>\n<meta property=\"article:modified_time\" content=\"2026-01-27T19:02:13+00:00\" \/>\n<meta property=\"og:image\" content=\"https:\/\/rondeaunet.ca\/wp-content\/uploads\/2023\/03\/vitre-slider-home.jpg\" \/>\n\t<meta property=\"og:image:width\" content=\"1291\" \/>\n\t<meta property=\"og:image:height\" content=\"864\" \/>\n\t<meta property=\"og:image:type\" content=\"image\/jpeg\" \/>\n<meta name=\"twitter:card\" content=\"summary_large_image\" \/>\n<meta name=\"twitter:site\" content=\"@rondeaunet\" \/>\n<meta name=\"twitter:label1\" content=\"Tiempo de lectura\" \/>\n\t<meta name=\"twitter:data1\" content=\"1 minuto\" \/>\n<script type=\"application\/ld+json\" class=\"yoast-schema-graph\">{\"@context\":\"https:\/\/schema.org\",\"@graph\":[{\"@type\":\"WebPage\",\"@id\":\"https:\/\/rondeaunet.ca\/es\/servicios\/limpieza-de-nieve\/\",\"url\":\"https:\/\/rondeaunet.ca\/es\/servicios\/limpieza-de-nieve\/\",\"name\":\"Limpieza de nieve - RONDEAUNET Inc\",\"isPartOf\":{\"@id\":\"https:\/\/wp.rondeaunet.ca\/#website\"},\"datePublished\":\"2023-09-29T16:54:41+00:00\",\"dateModified\":\"2026-01-27T19:02:13+00:00\",\"description\":\"Experts en nettoyage r\u00e9sidentiel et commercial au Qu\u00e9bec. Service professionnel, rapide et efficace pour un environnement propre et sain. Demandez une soumission gratuite d\u00e8s aujourd\u2019hui !\",\"breadcrumb\":{\"@id\":\"https:\/\/rondeaunet.ca\/es\/servicios\/limpieza-de-nieve\/#breadcrumb\"},\"inLanguage\":\"es\",\"potentialAction\":[{\"@type\":\"ReadAction\",\"target\":[\"https:\/\/rondeaunet.ca\/es\/servicios\/limpieza-de-nieve\/\"]}]},{\"@type\":\"BreadcrumbList\",\"@id\":\"https:\/\/rondeaunet.ca\/es\/servicios\/limpieza-de-nieve\/#breadcrumb\",\"itemListElement\":[{\"@type\":\"ListItem\",\"position\":1,\"name\":\"Accueil\",\"item\":\"https:\/\/rondeaunet.ca\/\"},{\"@type\":\"ListItem\",\"position\":2,\"name\":\"SERVICIOS\",\"item\":\"https:\/\/rondeaunet.ca\/es\/servicios\/\"},{\"@type\":\"ListItem\",\"position\":3,\"name\":\"Limpieza de nieve\"}]},{\"@type\":\"WebSite\",\"@id\":\"https:\/\/wp.rondeaunet.ca\/#website\",\"url\":\"https:\/\/wp.rondeaunet.ca\/\",\"name\":\"RONDEAUNET Inc\",\"description\":\"Services aux immeubles\",\"publisher\":{\"@id\":\"https:\/\/wp.rondeaunet.ca\/#organization\"},\"potentialAction\":[{\"@type\":\"SearchAction\",\"target\":{\"@type\":\"EntryPoint\",\"urlTemplate\":\"https:\/\/wp.rondeaunet.ca\/?s={search_term_string}\"},\"query-input\":{\"@type\":\"PropertyValueSpecification\",\"valueRequired\":true,\"valueName\":\"search_term_string\"}}],\"inLanguage\":\"es\"},{\"@type\":\"Organization\",\"@id\":\"https:\/\/wp.rondeaunet.ca\/#organization\",\"name\":\"RONDEAUNET Inc\",\"url\":\"https:\/\/wp.rondeaunet.ca\/\",\"logo\":{\"@type\":\"ImageObject\",\"inLanguage\":\"es\",\"@id\":\"https:\/\/wp.rondeaunet.ca\/#\/schema\/logo\/image\/\",\"url\":\"https:\/\/rondeaunet.ca\/wp-content\/uploads\/2023\/03\/cropped-R-tag.png\",\"contentUrl\":\"https:\/\/rondeaunet.ca\/wp-content\/uploads\/2023\/03\/cropped-R-tag.png\",\"width\":512,\"height\":512,\"caption\":\"RONDEAUNET Inc\"},\"image\":{\"@id\":\"https:\/\/wp.rondeaunet.ca\/#\/schema\/logo\/image\/\"},\"sameAs\":[\"https:\/\/www.facebook.com\/rondeaunet\",\"https:\/\/x.com\/rondeaunet\"]}]}<\/script>\n<!-- \/ Yoast SEO plugin. -->","yoast_head_json":{"title":"Limpieza de nieve - RONDEAUNET Inc","description":"Experts en nettoyage r\u00e9sidentiel et commercial au Qu\u00e9bec. Service professionnel, rapide et efficace pour un environnement propre et sain. Demandez une soumission gratuite d\u00e8s aujourd\u2019hui !","robots":{"index":"index","follow":"follow","max-snippet":"max-snippet:-1","max-image-preview":"max-image-preview:large","max-video-preview":"max-video-preview:-1"},"canonical":"https:\/\/rondeaunet.ca\/es\/servicios\/limpieza-de-nieve\/","og_locale":"es_ES","og_type":"article","og_title":"Limpieza de nieve - RONDEAUNET Inc","og_description":"Experts en nettoyage r\u00e9sidentiel et commercial au Qu\u00e9bec. Service professionnel, rapide et efficace pour un environnement propre et sain. Demandez une soumission gratuite d\u00e8s aujourd\u2019hui !","og_url":"https:\/\/rondeaunet.ca\/es\/servicios\/limpieza-de-nieve\/","og_site_name":"RONDEAUNET Inc","article_publisher":"https:\/\/www.facebook.com\/rondeaunet","article_modified_time":"2026-01-27T19:02:13+00:00","og_image":[{"width":1291,"height":864,"url":"https:\/\/rondeaunet.ca\/wp-content\/uploads\/2023\/03\/vitre-slider-home.jpg","type":"image\/jpeg"}],"twitter_card":"summary_large_image","twitter_site":"@rondeaunet","twitter_misc":{"Tiempo de lectura":"1 minuto"},"schema":{"@context":"https:\/\/schema.org","@graph":[{"@type":"WebPage","@id":"https:\/\/rondeaunet.ca\/es\/servicios\/limpieza-de-nieve\/","url":"https:\/\/rondeaunet.ca\/es\/servicios\/limpieza-de-nieve\/","name":"Limpieza de nieve - RONDEAUNET Inc","isPartOf":{"@id":"https:\/\/wp.rondeaunet.ca\/#website"},"datePublished":"2023-09-29T16:54:41+00:00","dateModified":"2026-01-27T19:02:13+00:00","description":"Experts en nettoyage r\u00e9sidentiel et commercial au Qu\u00e9bec. Service professionnel, rapide et efficace pour un environnement propre et sain. Demandez une soumission gratuite d\u00e8s aujourd\u2019hui !","breadcrumb":{"@id":"https:\/\/rondeaunet.ca\/es\/servicios\/limpieza-de-nieve\/#breadcrumb"},"inLanguage":"es","potentialAction":[{"@type":"ReadAction","target":["https:\/\/rondeaunet.ca\/es\/servicios\/limpieza-de-nieve\/"]}]},{"@type":"BreadcrumbList","@id":"https:\/\/rondeaunet.ca\/es\/servicios\/limpieza-de-nieve\/#breadcrumb","itemListElement":[{"@type":"ListItem","position":1,"name":"Accueil","item":"https:\/\/rondeaunet.ca\/"},{"@type":"ListItem","position":2,"name":"SERVICIOS","item":"https:\/\/rondeaunet.ca\/es\/servicios\/"},{"@type":"ListItem","position":3,"name":"Limpieza de nieve"}]},{"@type":"WebSite","@id":"https:\/\/wp.rondeaunet.ca\/#website","url":"https:\/\/wp.rondeaunet.ca\/","name":"RONDEAUNET Inc","description":"Services aux immeubles","publisher":{"@id":"https:\/\/wp.rondeaunet.ca\/#organization"},"potentialAction":[{"@type":"SearchAction","target":{"@type":"EntryPoint","urlTemplate":"https:\/\/wp.rondeaunet.ca\/?s={search_term_string}"},"query-input":{"@type":"PropertyValueSpecification","valueRequired":true,"valueName":"search_term_string"}}],"inLanguage":"es"},{"@type":"Organization","@id":"https:\/\/wp.rondeaunet.ca\/#organization","name":"RONDEAUNET Inc","url":"https:\/\/wp.rondeaunet.ca\/","logo":{"@type":"ImageObject","inLanguage":"es","@id":"https:\/\/wp.rondeaunet.ca\/#\/schema\/logo\/image\/","url":"https:\/\/rondeaunet.ca\/wp-content\/uploads\/2023\/03\/cropped-R-tag.png","contentUrl":"https:\/\/rondeaunet.ca\/wp-content\/uploads\/2023\/03\/cropped-R-tag.png","width":512,"height":512,"caption":"RONDEAUNET Inc"},"image":{"@id":"https:\/\/wp.rondeaunet.ca\/#\/schema\/logo\/image\/"},"sameAs":["https:\/\/www.facebook.com\/rondeaunet","https:\/\/x.com\/rondeaunet"]}]}},"_links":{"self":[{"href":"https:\/\/rondeaunet.ca\/es\/wp-json\/wp\/v2\/pages\/6712","targetHints":{"allow":["GET"]}}],"collection":[{"href":"https:\/\/rondeaunet.ca\/es\/wp-json\/wp\/v2\/pages"}],"about":[{"href":"https:\/\/rondeaunet.ca\/es\/wp-json\/wp\/v2\/types\/page"}],"author":[{"embeddable":true,"href":"https:\/\/rondeaunet.ca\/es\/wp-json\/wp\/v2\/users\/1"}],"replies":[{"embeddable":true,"href":"https:\/\/rondeaunet.ca\/es\/wp-json\/wp\/v2\/comments?post=6712"}],"version-history":[{"count":4,"href":"https:\/\/rondeaunet.ca\/es\/wp-json\/wp\/v2\/pages\/6712\/revisions"}],"predecessor-version":[{"id":7825,"href":"https:\/\/rondeaunet.ca\/es\/wp-json\/wp\/v2\/pages\/6712\/revisions\/7825"}],"up":[{"embeddable":true,"href":"https:\/\/rondeaunet.ca\/es\/wp-json\/wp\/v2\/pages\/6726"}],"wp:attachment":[{"href":"https:\/\/rondeaunet.ca\/es\/wp-json\/wp\/v2\/media?parent=6712"}],"curies":[{"name":"wp","href":"https:\/\/api.w.org\/{rel}","templated":true}]}}