{"id":6463,"date":"2021-11-10T22:35:15","date_gmt":"2021-11-11T03:35:15","guid":{"rendered":"https:\/\/rondeaunet.ca\/limpieza-de-aparcamientos\/"},"modified":"2026-01-27T14:07:34","modified_gmt":"2026-01-27T19:07:34","slug":"limpieza-de-aparcamientos","status":"publish","type":"page","link":"https:\/\/rondeaunet.ca\/es\/servicios\/limpieza-de-aparcamientos\/","title":{"rendered":"Limpieza de aparcamientos"},"content":{"rendered":"<h3>LIMPIEZA DE APARCAMIENTOS INTERIORES Y EXTERIORES<\/h3>\n<p>Mant\u00e9n limpio tu aparcamiento para ofrecer una experiencia agradable a tus inquilinos o clientes. Nuestros equipos se aseguran de que todos los rincones est\u00e9n limpios y sean acogedores.<\/p>\n<p><b>LIMPIEZA<\/b>: Nuestro equipo elimina eficazmente los restos y la suciedad de tu aparcamiento, dejando a los usuarios una primera impresi\u00f3n positiva y una sensaci\u00f3n de dignidad.<\/p>\n<p><b>M\u00c1XIMA ILUMINACI\u00d3N<\/b>: Limpiamos las luminarias para garantizar una iluminaci\u00f3n \u00f3ptima, aumentando la seguridad en tu aparcamiento.<\/p>\n<p><b>MANTENIMIENTO DE RAMPAS<\/b>: Eliminamos la acumulaci\u00f3n de sal y abrasivos, ayudando a conservar tu membrana.<\/p>\n<p><b>PINTADO<\/b> DE LAS MARCAS DEL SUELO: Estamos actualizando las marcas del suelo para que el tr\u00e1fico fluya con fluidez y eficacia.<\/p>\n<p><b>GESTI\u00d3N DE<\/b> GRAFITOS: Eliminamos los grafitos no deseados para mantener un aspecto limpio.<\/p>\n<p>LIMPIEZA DE NIEVE <b>EN INVIERNO<\/b>: En invierno, nuestro servicio de limpieza de nieve mantiene las carreteras despejadas para la seguridad de todos.<\/p>\n<h3>NUESTROS SERVICIOS COMPLETOS DE LIMPIEZA DE APARCAMIENTOS INCLUYEN:<\/h3>\n<ul>\n<li>Industrial \/ Comercial \/ Propiedad horizontal<\/li>\n<li>Trabajo realizado seg\u00fan las reglas del oficio<\/li>\n<li>Rescatador disponible<\/li>\n<li>Herramientas y productos especializados<\/li>\n<li>Uso de detectores de mon\u00f3xido<\/li>\n<\/ul>\n<h3>Divisiones:<\/h3>\n<ul>\n<li>Residencial<\/li>\n<li>Copropiedad<\/li>\n<li>Condominio comercial<\/li>\n<li>Comercio al por menor<\/li>\n<\/ul>\n<ul>\n<li>Oficina corporativa<\/li>\n<li>Centro comercial<\/li>\n<li>Centro<\/li>\n<\/ul>\n<ul>\n<li>Hotelero<\/li>\n<li>Institucional<\/li>\n<li>Gobierno<\/li>\n<\/ul>\n","protected":false},"excerpt":{"rendered":"<p>LIMPIEZA DE APARCAMIENTOS INTERIORES Y EXTERIORES Mant\u00e9n limpio tu aparcamiento para ofrecer una experiencia agradable a tus inquilinos o clientes. Nuestros equipos se aseguran de que todos los rincones est\u00e9n limpios y sean acogedores. LIMPIEZA: Nuestro equipo elimina eficazmente los restos y la suciedad de tu aparcamiento, dejando a los usuarios una primera impresi\u00f3n positiva [&hellip;]<\/p>\n","protected":false},"author":2,"featured_media":0,"parent":6726,"menu_order":0,"comment_status":"closed","ping_status":"closed","template":"","meta":{"_jet_sm_ready_style":"","_jet_sm_style":"","_jet_sm_controls_values":"","_jet_sm_fonts_collection":"","_jet_sm_fonts_links":"","footnotes":""},"class_list":["post-6463","page","type-page","status-publish","hentry"],"yoast_head":"<!-- This site is optimized with the Yoast SEO plugin v27.1.1 - https:\/\/yoast.com\/product\/yoast-seo-wordpress\/ -->\n<title>Limpieza de aparcamientos - RONDEAUNET Inc<\/title>\n<meta name=\"description\" content=\"Experts en nettoyage r\u00e9sidentiel et commercial au Qu\u00e9bec. Service professionnel, rapide et efficace pour un environnement propre et sain. Demandez une soumission gratuite d\u00e8s aujourd\u2019hui !\" \/>\n<meta name=\"robots\" content=\"index, follow, max-snippet:-1, max-image-preview:large, max-video-preview:-1\" \/>\n<link rel=\"canonical\" href=\"https:\/\/rondeaunet.ca\/es\/servicios\/limpieza-de-aparcamientos\/\" \/>\n<meta property=\"og:locale\" content=\"es_ES\" \/>\n<meta property=\"og:type\" content=\"article\" \/>\n<meta property=\"og:title\" content=\"Limpieza de aparcamientos - RONDEAUNET Inc\" \/>\n<meta property=\"og:description\" content=\"Experts en nettoyage r\u00e9sidentiel et commercial au Qu\u00e9bec. Service professionnel, rapide et efficace pour un environnement propre et sain. Demandez une soumission gratuite d\u00e8s aujourd\u2019hui !\" \/>\n<meta property=\"og:url\" content=\"https:\/\/rondeaunet.ca\/es\/servicios\/limpieza-de-aparcamientos\/\" \/>\n<meta property=\"og:site_name\" content=\"RONDEAUNET Inc\" \/>\n<meta property=\"article:publisher\" content=\"https:\/\/www.facebook.com\/rondeaunet\" \/>\n<meta property=\"article:modified_time\" content=\"2026-01-27T19:07:34+00:00\" \/>\n<meta property=\"og:image\" content=\"https:\/\/rondeaunet.ca\/wp-content\/uploads\/2023\/03\/vitre-slider-home.jpg\" \/>\n\t<meta property=\"og:image:width\" content=\"1291\" \/>\n\t<meta property=\"og:image:height\" content=\"864\" \/>\n\t<meta property=\"og:image:type\" content=\"image\/jpeg\" \/>\n<meta name=\"twitter:card\" content=\"summary_large_image\" \/>\n<meta name=\"twitter:site\" content=\"@rondeaunet\" \/>\n<meta name=\"twitter:label1\" content=\"Tiempo de lectura\" \/>\n\t<meta name=\"twitter:data1\" content=\"1 minuto\" \/>\n<script type=\"application\/ld+json\" class=\"yoast-schema-graph\">{\"@context\":\"https:\/\/schema.org\",\"@graph\":[{\"@type\":\"WebPage\",\"@id\":\"https:\/\/rondeaunet.ca\/es\/servicios\/limpieza-de-aparcamientos\/\",\"url\":\"https:\/\/rondeaunet.ca\/es\/servicios\/limpieza-de-aparcamientos\/\",\"name\":\"Limpieza de aparcamientos - RONDEAUNET Inc\",\"isPartOf\":{\"@id\":\"https:\/\/wp.rondeaunet.ca\/#website\"},\"datePublished\":\"2021-11-11T03:35:15+00:00\",\"dateModified\":\"2026-01-27T19:07:34+00:00\",\"description\":\"Experts en nettoyage r\u00e9sidentiel et commercial au Qu\u00e9bec. Service professionnel, rapide et efficace pour un environnement propre et sain. Demandez une soumission gratuite d\u00e8s aujourd\u2019hui !\",\"breadcrumb\":{\"@id\":\"https:\/\/rondeaunet.ca\/es\/servicios\/limpieza-de-aparcamientos\/#breadcrumb\"},\"inLanguage\":\"es\",\"potentialAction\":[{\"@type\":\"ReadAction\",\"target\":[\"https:\/\/rondeaunet.ca\/es\/servicios\/limpieza-de-aparcamientos\/\"]}]},{\"@type\":\"BreadcrumbList\",\"@id\":\"https:\/\/rondeaunet.ca\/es\/servicios\/limpieza-de-aparcamientos\/#breadcrumb\",\"itemListElement\":[{\"@type\":\"ListItem\",\"position\":1,\"name\":\"Accueil\",\"item\":\"https:\/\/rondeaunet.ca\/\"},{\"@type\":\"ListItem\",\"position\":2,\"name\":\"SERVICIOS\",\"item\":\"https:\/\/rondeaunet.ca\/es\/servicios\/\"},{\"@type\":\"ListItem\",\"position\":3,\"name\":\"Limpieza de aparcamientos\"}]},{\"@type\":\"WebSite\",\"@id\":\"https:\/\/wp.rondeaunet.ca\/#website\",\"url\":\"https:\/\/wp.rondeaunet.ca\/\",\"name\":\"RONDEAUNET Inc\",\"description\":\"Services aux immeubles\",\"publisher\":{\"@id\":\"https:\/\/wp.rondeaunet.ca\/#organization\"},\"potentialAction\":[{\"@type\":\"SearchAction\",\"target\":{\"@type\":\"EntryPoint\",\"urlTemplate\":\"https:\/\/wp.rondeaunet.ca\/?s={search_term_string}\"},\"query-input\":{\"@type\":\"PropertyValueSpecification\",\"valueRequired\":true,\"valueName\":\"search_term_string\"}}],\"inLanguage\":\"es\"},{\"@type\":\"Organization\",\"@id\":\"https:\/\/wp.rondeaunet.ca\/#organization\",\"name\":\"RONDEAUNET Inc\",\"url\":\"https:\/\/wp.rondeaunet.ca\/\",\"logo\":{\"@type\":\"ImageObject\",\"inLanguage\":\"es\",\"@id\":\"https:\/\/wp.rondeaunet.ca\/#\/schema\/logo\/image\/\",\"url\":\"https:\/\/rondeaunet.ca\/wp-content\/uploads\/2023\/03\/cropped-R-tag.png\",\"contentUrl\":\"https:\/\/rondeaunet.ca\/wp-content\/uploads\/2023\/03\/cropped-R-tag.png\",\"width\":512,\"height\":512,\"caption\":\"RONDEAUNET Inc\"},\"image\":{\"@id\":\"https:\/\/wp.rondeaunet.ca\/#\/schema\/logo\/image\/\"},\"sameAs\":[\"https:\/\/www.facebook.com\/rondeaunet\",\"https:\/\/x.com\/rondeaunet\"]}]}<\/script>\n<!-- \/ Yoast SEO plugin. -->","yoast_head_json":{"title":"Limpieza de aparcamientos - RONDEAUNET Inc","description":"Experts en nettoyage r\u00e9sidentiel et commercial au Qu\u00e9bec. Service professionnel, rapide et efficace pour un environnement propre et sain. Demandez une soumission gratuite d\u00e8s aujourd\u2019hui !","robots":{"index":"index","follow":"follow","max-snippet":"max-snippet:-1","max-image-preview":"max-image-preview:large","max-video-preview":"max-video-preview:-1"},"canonical":"https:\/\/rondeaunet.ca\/es\/servicios\/limpieza-de-aparcamientos\/","og_locale":"es_ES","og_type":"article","og_title":"Limpieza de aparcamientos - RONDEAUNET Inc","og_description":"Experts en nettoyage r\u00e9sidentiel et commercial au Qu\u00e9bec. Service professionnel, rapide et efficace pour un environnement propre et sain. Demandez une soumission gratuite d\u00e8s aujourd\u2019hui !","og_url":"https:\/\/rondeaunet.ca\/es\/servicios\/limpieza-de-aparcamientos\/","og_site_name":"RONDEAUNET Inc","article_publisher":"https:\/\/www.facebook.com\/rondeaunet","article_modified_time":"2026-01-27T19:07:34+00:00","og_image":[{"width":1291,"height":864,"url":"https:\/\/rondeaunet.ca\/wp-content\/uploads\/2023\/03\/vitre-slider-home.jpg","type":"image\/jpeg"}],"twitter_card":"summary_large_image","twitter_site":"@rondeaunet","twitter_misc":{"Tiempo de lectura":"1 minuto"},"schema":{"@context":"https:\/\/schema.org","@graph":[{"@type":"WebPage","@id":"https:\/\/rondeaunet.ca\/es\/servicios\/limpieza-de-aparcamientos\/","url":"https:\/\/rondeaunet.ca\/es\/servicios\/limpieza-de-aparcamientos\/","name":"Limpieza de aparcamientos - RONDEAUNET Inc","isPartOf":{"@id":"https:\/\/wp.rondeaunet.ca\/#website"},"datePublished":"2021-11-11T03:35:15+00:00","dateModified":"2026-01-27T19:07:34+00:00","description":"Experts en nettoyage r\u00e9sidentiel et commercial au Qu\u00e9bec. Service professionnel, rapide et efficace pour un environnement propre et sain. Demandez une soumission gratuite d\u00e8s aujourd\u2019hui !","breadcrumb":{"@id":"https:\/\/rondeaunet.ca\/es\/servicios\/limpieza-de-aparcamientos\/#breadcrumb"},"inLanguage":"es","potentialAction":[{"@type":"ReadAction","target":["https:\/\/rondeaunet.ca\/es\/servicios\/limpieza-de-aparcamientos\/"]}]},{"@type":"BreadcrumbList","@id":"https:\/\/rondeaunet.ca\/es\/servicios\/limpieza-de-aparcamientos\/#breadcrumb","itemListElement":[{"@type":"ListItem","position":1,"name":"Accueil","item":"https:\/\/rondeaunet.ca\/"},{"@type":"ListItem","position":2,"name":"SERVICIOS","item":"https:\/\/rondeaunet.ca\/es\/servicios\/"},{"@type":"ListItem","position":3,"name":"Limpieza de aparcamientos"}]},{"@type":"WebSite","@id":"https:\/\/wp.rondeaunet.ca\/#website","url":"https:\/\/wp.rondeaunet.ca\/","name":"RONDEAUNET Inc","description":"Services aux immeubles","publisher":{"@id":"https:\/\/wp.rondeaunet.ca\/#organization"},"potentialAction":[{"@type":"SearchAction","target":{"@type":"EntryPoint","urlTemplate":"https:\/\/wp.rondeaunet.ca\/?s={search_term_string}"},"query-input":{"@type":"PropertyValueSpecification","valueRequired":true,"valueName":"search_term_string"}}],"inLanguage":"es"},{"@type":"Organization","@id":"https:\/\/wp.rondeaunet.ca\/#organization","name":"RONDEAUNET Inc","url":"https:\/\/wp.rondeaunet.ca\/","logo":{"@type":"ImageObject","inLanguage":"es","@id":"https:\/\/wp.rondeaunet.ca\/#\/schema\/logo\/image\/","url":"https:\/\/rondeaunet.ca\/wp-content\/uploads\/2023\/03\/cropped-R-tag.png","contentUrl":"https:\/\/rondeaunet.ca\/wp-content\/uploads\/2023\/03\/cropped-R-tag.png","width":512,"height":512,"caption":"RONDEAUNET Inc"},"image":{"@id":"https:\/\/wp.rondeaunet.ca\/#\/schema\/logo\/image\/"},"sameAs":["https:\/\/www.facebook.com\/rondeaunet","https:\/\/x.com\/rondeaunet"]}]}},"_links":{"self":[{"href":"https:\/\/rondeaunet.ca\/es\/wp-json\/wp\/v2\/pages\/6463","targetHints":{"allow":["GET"]}}],"collection":[{"href":"https:\/\/rondeaunet.ca\/es\/wp-json\/wp\/v2\/pages"}],"about":[{"href":"https:\/\/rondeaunet.ca\/es\/wp-json\/wp\/v2\/types\/page"}],"author":[{"embeddable":true,"href":"https:\/\/rondeaunet.ca\/es\/wp-json\/wp\/v2\/users\/2"}],"replies":[{"embeddable":true,"href":"https:\/\/rondeaunet.ca\/es\/wp-json\/wp\/v2\/comments?post=6463"}],"version-history":[{"count":3,"href":"https:\/\/rondeaunet.ca\/es\/wp-json\/wp\/v2\/pages\/6463\/revisions"}],"predecessor-version":[{"id":7834,"href":"https:\/\/rondeaunet.ca\/es\/wp-json\/wp\/v2\/pages\/6463\/revisions\/7834"}],"up":[{"embeddable":true,"href":"https:\/\/rondeaunet.ca\/es\/wp-json\/wp\/v2\/pages\/6726"}],"wp:attachment":[{"href":"https:\/\/rondeaunet.ca\/es\/wp-json\/wp\/v2\/media?parent=6463"}],"curies":[{"name":"wp","href":"https:\/\/api.w.org\/{rel}","templated":true}]}}