{"id":6460,"date":"2020-06-26T16:02:17","date_gmt":"2020-06-26T21:02:17","guid":{"rendered":"https:\/\/rondeaunet.ca\/nuestra-garantia-de-calidad\/"},"modified":"2025-06-04T16:32:25","modified_gmt":"2025-06-04T21:32:25","slug":"nuestra-garantia-de-calidad","status":"publish","type":"page","link":"https:\/\/rondeaunet.ca\/es\/nuestra-garantia-de-calidad\/","title":{"rendered":"Nuestra garant\u00eda de calidad"},"content":{"rendered":"\t\t<div data-elementor-type=\"wp-page\" data-elementor-id=\"6460\" class=\"elementor elementor-6460 elementor-1742\" data-elementor-post-type=\"page\">\n\t\t\t\t\t\t<section class=\"elementor-section elementor-top-section elementor-element elementor-element-5703e90 elementor-section-stretched elementor-section-boxed elementor-section-height-default elementor-section-height-default\" data-id=\"5703e90\" data-element_type=\"section\" data-settings=\"{&quot;stretch_section&quot;:&quot;section-stretched&quot;,&quot;jet_parallax_layout_list&quot;:[],&quot;background_background&quot;:&quot;classic&quot;}\">\n\t\t\t\t\t\t<div class=\"elementor-container elementor-column-gap-no\">\n\t\t\t\t\t<div class=\"elementor-column elementor-col-100 elementor-top-column elementor-element elementor-element-4d7cc71\" data-id=\"4d7cc71\" data-element_type=\"column\">\n\t\t\t<div class=\"elementor-widget-wrap elementor-element-populated\">\n\t\t\t\t\t\t<div class=\"elementor-element elementor-element-1eddac0 elementor-widget elementor-widget-heading\" data-id=\"1eddac0\" data-element_type=\"widget\" data-widget_type=\"heading.default\">\n\t\t\t\t<div class=\"elementor-widget-container\">\n\t\t\t\t\t<h1 class=\"elementor-heading-title elementor-size-default\">Nuestra garant\u00eda de calidad<\/h1>\t\t\t\t<\/div>\n\t\t\t\t<\/div>\n\t\t\t\t\t<\/div>\n\t\t<\/div>\n\t\t\t\t\t<\/div>\n\t\t<\/section>\n\t\t\t\t<section class=\"elementor-section elementor-top-section elementor-element elementor-element-69e5308 elementor-section-boxed elementor-section-height-default elementor-section-height-default\" data-id=\"69e5308\" data-element_type=\"section\" data-settings=\"{&quot;jet_parallax_layout_list&quot;:[]}\">\n\t\t\t\t\t\t<div class=\"elementor-container elementor-column-gap-default\">\n\t\t\t\t\t<div class=\"elementor-column elementor-col-100 elementor-top-column elementor-element elementor-element-5b6b8a9\" data-id=\"5b6b8a9\" data-element_type=\"column\">\n\t\t\t<div class=\"elementor-widget-wrap elementor-element-populated\">\n\t\t\t\t\t\t<div class=\"elementor-element elementor-element-df19b91 elementor-widget elementor-widget-image\" data-id=\"df19b91\" data-element_type=\"widget\" data-widget_type=\"image.default\">\n\t\t\t\t<div class=\"elementor-widget-container\">\n\t\t\t\t\t\t\t\t\t\t\t\t\t\t\t<img fetchpriority=\"high\" decoding=\"async\" width=\"440\" height=\"125\" src=\"https:\/\/rondeaunet.ca\/wp-content\/uploads\/2023\/01\/Imagelogo.jpg\" class=\"attachment-full size-full wp-image-4801\" alt=\"\" srcset=\"https:\/\/rondeaunet.ca\/wp-content\/uploads\/2023\/01\/Imagelogo.jpg 440w, https:\/\/rondeaunet.ca\/wp-content\/uploads\/2023\/01\/Imagelogo-300x85.jpg 300w\" sizes=\"(max-width: 440px) 100vw, 440px\" \/>\t\t\t\t\t\t\t\t\t\t\t\t\t\t\t<\/div>\n\t\t\t\t<\/div>\n\t\t\t\t<div class=\"elementor-element elementor-element-6184427 elementor-widget elementor-widget-text-editor\" data-id=\"6184427\" data-element_type=\"widget\" data-widget_type=\"text-editor.default\">\n\t\t\t\t<div class=\"elementor-widget-container\">\n\t\t\t\t\t\t\t\t\t<div class=\"title\">\n<h1><b><span class=\"orange\">Experimenta<\/span><\/b> y <b><span class=\"orange\">conocimientos<\/span> <\/b>al servicio de tu edificio.<\/h1>\n<\/div>\n<div class=\"inner-contant\">\n<p>RONDEAUNET Inc es: La empresa a la que quieres confiar la responsabilidad de supervisar los trabajos realizados en tu edificio.<br \/>M\u00e1s que una empresa de limpieza, gestionamos los trabajos a realizar seg\u00fan tus presupuestos establecidos.<\/p>\n<p>RONDEAUNET Inc. fue fundada en 2001 por Simon Rondeau. Respaldado por su experiencia y conocimientos, el Sr. Rondeau se ha forjado una s\u00f3lida reputaci\u00f3n sabiendo rodearse de los mejores profesionales y de un equipo que se mantiene siempre a la vanguardia de la tecnolog\u00eda moderna. <\/p>\n<p>RONDEAUNET Inc. ha puesto en marcha estrictos procedimientos y pol\u00edticas de normas de calidad, garantizando que todos sus clientes, sea cual sea el trabajo requerido, reciban una satisfacci\u00f3n que supere las expectativas.<\/p>\n<\/div>\n\t\t\t\t\t\t\t\t<\/div>\n\t\t\t\t<\/div>\n\t\t\t\t\t<\/div>\n\t\t<\/div>\n\t\t\t\t\t<\/div>\n\t\t<\/section>\n\t\t\t\t<section class=\"elementor-section elementor-top-section elementor-element elementor-element-8aec18c elementor-section-boxed elementor-section-height-default elementor-section-height-default\" data-id=\"8aec18c\" data-element_type=\"section\" data-settings=\"{&quot;jet_parallax_layout_list&quot;:[],&quot;background_background&quot;:&quot;classic&quot;}\">\n\t\t\t\t\t\t<div class=\"elementor-container elementor-column-gap-default\">\n\t\t\t\t\t<div class=\"elementor-column elementor-col-100 elementor-top-column elementor-element elementor-element-c8c60be\" data-id=\"c8c60be\" data-element_type=\"column\">\n\t\t\t<div class=\"elementor-widget-wrap elementor-element-populated\">\n\t\t\t\t\t\t<div class=\"elementor-element elementor-element-99d29e0 elementor-widget elementor-widget-text-editor\" data-id=\"99d29e0\" data-element_type=\"widget\" data-widget_type=\"text-editor.default\">\n\t\t\t\t<div class=\"elementor-widget-container\">\n\t\t\t\t\t\t\t\t\t<div class=\"title\">\n<p><span class=\"orange\">Nuestra garant\u00eda de calidad<\/span><\/p>\n<h1><span class=\"white\">Seguros<\/span><\/h1>\n<\/div>\n<div class=\"inner-contant\">\n<p><b>RONDEAUNET Inc.<\/b>dispone de todos los seguros necesarios para proteger a sus clientes:<\/p>\n<ul>\n<li>Responsabilidad civil<br \/>(m\u00ednimo de 5 millones de d\u00f3lares, ajustable seg\u00fan el proyecto)<\/li>\n<li>Accidentes<\/li>\n<li>Pausa<\/li>\n<li>Empleados de CSST<\/li>\n<li>Paraguas (opcional)<\/li>\n<\/ul>\n<\/div>\n\t\t\t\t\t\t\t\t<\/div>\n\t\t\t\t<\/div>\n\t\t\t\t\t<\/div>\n\t\t<\/div>\n\t\t\t\t\t<\/div>\n\t\t<\/section>\n\t\t\t\t<section class=\"elementor-section elementor-top-section elementor-element elementor-element-9157178 elementor-section-boxed elementor-section-height-default elementor-section-height-default\" data-id=\"9157178\" data-element_type=\"section\" data-settings=\"{&quot;jet_parallax_layout_list&quot;:[]}\">\n\t\t\t\t\t\t<div class=\"elementor-container elementor-column-gap-default\">\n\t\t\t\t\t<div class=\"elementor-column elementor-col-100 elementor-top-column elementor-element elementor-element-1d23d42\" data-id=\"1d23d42\" data-element_type=\"column\">\n\t\t\t<div class=\"elementor-widget-wrap elementor-element-populated\">\n\t\t\t\t\t\t<div class=\"elementor-element elementor-element-0a1c616 elementor-widget elementor-widget-text-editor\" data-id=\"0a1c616\" data-element_type=\"widget\" data-widget_type=\"text-editor.default\">\n\t\t\t\t<div class=\"elementor-widget-container\">\n\t\t\t\t\t\t\t\t\t<div class=\"title\">\n\n<span class=\"orange\">Nuestra garant\u00eda de calidad<\/span>\n<h1>Certificaciones y<br><b><span class=\"orange\">acreditaciones<\/span><\/b><\/h1>\n<\/div>\n<div class=\"inner-contant\">\n\nTenemos un certificado de conformidad actualizado de Revenu Qu\u00e9bec, un seguro de responsabilidad civil completa, certificados de conformidad de la CSST, CPEEP y CPAS, y somos miembros de LEED.\n\nCada equipo de trabajo tiene un m\u00ednimo de un (1) socorrista presente en todo momento.\n\n<\/div>\t\t\t\t\t\t\t\t<\/div>\n\t\t\t\t<\/div>\n\t\t\t\t\t<\/div>\n\t\t<\/div>\n\t\t\t\t\t<\/div>\n\t\t<\/section>\n\t\t\t\t<\/div>\n\t\t","protected":false},"excerpt":{"rendered":"<p>Experimenta y conocimientos al servicio de tu edificio. RONDEAUNET Inc es: La empresa a la que quieres confiar la responsabilidad de supervisar los trabajos realizados en tu edificio.M\u00e1s que una empresa de limpieza, gestionamos los trabajos a realizar seg\u00fan tus presupuestos establecidos. RONDEAUNET Inc. fue fundada en 2001 por Simon Rondeau. Respaldado por su experiencia [&hellip;]<\/p>\n","protected":false},"author":1,"featured_media":0,"parent":0,"menu_order":0,"comment_status":"closed","ping_status":"closed","template":"","meta":{"_jet_sm_ready_style":"","_jet_sm_style":"","_jet_sm_controls_values":"","_jet_sm_fonts_collection":"","_jet_sm_fonts_links":"","footnotes":""},"class_list":["post-6460","page","type-page","status-publish","hentry"],"yoast_head":"<!-- This site is optimized with the Yoast SEO plugin v27.1.1 - https:\/\/yoast.com\/product\/yoast-seo-wordpress\/ -->\n<title>Nuestra garant\u00eda de calidad - RONDEAUNET Inc<\/title>\n<meta name=\"description\" content=\"Experts en nettoyage r\u00e9sidentiel et commercial au Qu\u00e9bec. Service professionnel, rapide et efficace pour un environnement propre et sain. Demandez une soumission gratuite d\u00e8s aujourd\u2019hui !\" \/>\n<meta name=\"robots\" content=\"index, follow, max-snippet:-1, max-image-preview:large, max-video-preview:-1\" \/>\n<link rel=\"canonical\" href=\"https:\/\/rondeaunet.ca\/es\/nuestra-garantia-de-calidad\/\" \/>\n<meta property=\"og:locale\" content=\"es_ES\" \/>\n<meta property=\"og:type\" content=\"article\" \/>\n<meta property=\"og:title\" content=\"Nuestra garant\u00eda de calidad - RONDEAUNET Inc\" \/>\n<meta property=\"og:description\" content=\"Experts en nettoyage r\u00e9sidentiel et commercial au Qu\u00e9bec. Service professionnel, rapide et efficace pour un environnement propre et sain. Demandez une soumission gratuite d\u00e8s aujourd\u2019hui !\" \/>\n<meta property=\"og:url\" content=\"https:\/\/rondeaunet.ca\/es\/nuestra-garantia-de-calidad\/\" \/>\n<meta property=\"og:site_name\" content=\"RONDEAUNET Inc\" \/>\n<meta property=\"article:publisher\" content=\"https:\/\/www.facebook.com\/rondeaunet\" \/>\n<meta property=\"article:modified_time\" content=\"2025-06-04T21:32:25+00:00\" \/>\n<meta property=\"og:image\" content=\"https:\/\/rondeaunet.ca\/wp-content\/uploads\/2023\/03\/vitre-slider-home.jpg\" \/>\n\t<meta property=\"og:image:width\" content=\"1291\" \/>\n\t<meta property=\"og:image:height\" content=\"864\" \/>\n\t<meta property=\"og:image:type\" content=\"image\/jpeg\" \/>\n<meta name=\"twitter:card\" content=\"summary_large_image\" \/>\n<meta name=\"twitter:site\" content=\"@rondeaunet\" \/>\n<meta name=\"twitter:label1\" content=\"Tiempo de lectura\" \/>\n\t<meta name=\"twitter:data1\" content=\"1 minuto\" \/>\n<script type=\"application\/ld+json\" class=\"yoast-schema-graph\">{\"@context\":\"https:\/\/schema.org\",\"@graph\":[{\"@type\":\"WebPage\",\"@id\":\"https:\/\/rondeaunet.ca\/es\/nuestra-garantia-de-calidad\/\",\"url\":\"https:\/\/rondeaunet.ca\/es\/nuestra-garantia-de-calidad\/\",\"name\":\"Nuestra garant\u00eda de calidad - RONDEAUNET Inc\",\"isPartOf\":{\"@id\":\"https:\/\/wp.rondeaunet.ca\/#website\"},\"primaryImageOfPage\":{\"@id\":\"https:\/\/rondeaunet.ca\/es\/nuestra-garantia-de-calidad\/#primaryimage\"},\"image\":{\"@id\":\"https:\/\/rondeaunet.ca\/es\/nuestra-garantia-de-calidad\/#primaryimage\"},\"thumbnailUrl\":\"https:\/\/wp.rondeaunet.ca\/wp-content\/uploads\/2023\/01\/Imagelogo.jpg\",\"datePublished\":\"2020-06-26T21:02:17+00:00\",\"dateModified\":\"2025-06-04T21:32:25+00:00\",\"description\":\"Experts en nettoyage r\u00e9sidentiel et commercial au Qu\u00e9bec. Service professionnel, rapide et efficace pour un environnement propre et sain. Demandez une soumission gratuite d\u00e8s aujourd\u2019hui !\",\"breadcrumb\":{\"@id\":\"https:\/\/rondeaunet.ca\/es\/nuestra-garantia-de-calidad\/#breadcrumb\"},\"inLanguage\":\"es\",\"potentialAction\":[{\"@type\":\"ReadAction\",\"target\":[\"https:\/\/rondeaunet.ca\/es\/nuestra-garantia-de-calidad\/\"]}]},{\"@type\":\"ImageObject\",\"inLanguage\":\"es\",\"@id\":\"https:\/\/rondeaunet.ca\/es\/nuestra-garantia-de-calidad\/#primaryimage\",\"url\":\"https:\/\/wp.rondeaunet.ca\/wp-content\/uploads\/2023\/01\/Imagelogo.jpg\",\"contentUrl\":\"https:\/\/wp.rondeaunet.ca\/wp-content\/uploads\/2023\/01\/Imagelogo.jpg\"},{\"@type\":\"BreadcrumbList\",\"@id\":\"https:\/\/rondeaunet.ca\/es\/nuestra-garantia-de-calidad\/#breadcrumb\",\"itemListElement\":[{\"@type\":\"ListItem\",\"position\":1,\"name\":\"Accueil\",\"item\":\"https:\/\/rondeaunet.ca\/\"},{\"@type\":\"ListItem\",\"position\":2,\"name\":\"Nuestra garant\u00eda de calidad\"}]},{\"@type\":\"WebSite\",\"@id\":\"https:\/\/wp.rondeaunet.ca\/#website\",\"url\":\"https:\/\/wp.rondeaunet.ca\/\",\"name\":\"RONDEAUNET Inc\",\"description\":\"Services aux immeubles\",\"publisher\":{\"@id\":\"https:\/\/wp.rondeaunet.ca\/#organization\"},\"potentialAction\":[{\"@type\":\"SearchAction\",\"target\":{\"@type\":\"EntryPoint\",\"urlTemplate\":\"https:\/\/wp.rondeaunet.ca\/?s={search_term_string}\"},\"query-input\":{\"@type\":\"PropertyValueSpecification\",\"valueRequired\":true,\"valueName\":\"search_term_string\"}}],\"inLanguage\":\"es\"},{\"@type\":\"Organization\",\"@id\":\"https:\/\/wp.rondeaunet.ca\/#organization\",\"name\":\"RONDEAUNET Inc\",\"url\":\"https:\/\/wp.rondeaunet.ca\/\",\"logo\":{\"@type\":\"ImageObject\",\"inLanguage\":\"es\",\"@id\":\"https:\/\/wp.rondeaunet.ca\/#\/schema\/logo\/image\/\",\"url\":\"https:\/\/rondeaunet.ca\/wp-content\/uploads\/2023\/03\/cropped-R-tag.png\",\"contentUrl\":\"https:\/\/rondeaunet.ca\/wp-content\/uploads\/2023\/03\/cropped-R-tag.png\",\"width\":512,\"height\":512,\"caption\":\"RONDEAUNET Inc\"},\"image\":{\"@id\":\"https:\/\/wp.rondeaunet.ca\/#\/schema\/logo\/image\/\"},\"sameAs\":[\"https:\/\/www.facebook.com\/rondeaunet\",\"https:\/\/x.com\/rondeaunet\"]}]}<\/script>\n<!-- \/ Yoast SEO plugin. -->","yoast_head_json":{"title":"Nuestra garant\u00eda de calidad - RONDEAUNET Inc","description":"Experts en nettoyage r\u00e9sidentiel et commercial au Qu\u00e9bec. Service professionnel, rapide et efficace pour un environnement propre et sain. Demandez une soumission gratuite d\u00e8s aujourd\u2019hui !","robots":{"index":"index","follow":"follow","max-snippet":"max-snippet:-1","max-image-preview":"max-image-preview:large","max-video-preview":"max-video-preview:-1"},"canonical":"https:\/\/rondeaunet.ca\/es\/nuestra-garantia-de-calidad\/","og_locale":"es_ES","og_type":"article","og_title":"Nuestra garant\u00eda de calidad - RONDEAUNET Inc","og_description":"Experts en nettoyage r\u00e9sidentiel et commercial au Qu\u00e9bec. Service professionnel, rapide et efficace pour un environnement propre et sain. Demandez une soumission gratuite d\u00e8s aujourd\u2019hui !","og_url":"https:\/\/rondeaunet.ca\/es\/nuestra-garantia-de-calidad\/","og_site_name":"RONDEAUNET Inc","article_publisher":"https:\/\/www.facebook.com\/rondeaunet","article_modified_time":"2025-06-04T21:32:25+00:00","og_image":[{"width":1291,"height":864,"url":"https:\/\/rondeaunet.ca\/wp-content\/uploads\/2023\/03\/vitre-slider-home.jpg","type":"image\/jpeg"}],"twitter_card":"summary_large_image","twitter_site":"@rondeaunet","twitter_misc":{"Tiempo de lectura":"1 minuto"},"schema":{"@context":"https:\/\/schema.org","@graph":[{"@type":"WebPage","@id":"https:\/\/rondeaunet.ca\/es\/nuestra-garantia-de-calidad\/","url":"https:\/\/rondeaunet.ca\/es\/nuestra-garantia-de-calidad\/","name":"Nuestra garant\u00eda de calidad - RONDEAUNET Inc","isPartOf":{"@id":"https:\/\/wp.rondeaunet.ca\/#website"},"primaryImageOfPage":{"@id":"https:\/\/rondeaunet.ca\/es\/nuestra-garantia-de-calidad\/#primaryimage"},"image":{"@id":"https:\/\/rondeaunet.ca\/es\/nuestra-garantia-de-calidad\/#primaryimage"},"thumbnailUrl":"https:\/\/wp.rondeaunet.ca\/wp-content\/uploads\/2023\/01\/Imagelogo.jpg","datePublished":"2020-06-26T21:02:17+00:00","dateModified":"2025-06-04T21:32:25+00:00","description":"Experts en nettoyage r\u00e9sidentiel et commercial au Qu\u00e9bec. Service professionnel, rapide et efficace pour un environnement propre et sain. Demandez une soumission gratuite d\u00e8s aujourd\u2019hui !","breadcrumb":{"@id":"https:\/\/rondeaunet.ca\/es\/nuestra-garantia-de-calidad\/#breadcrumb"},"inLanguage":"es","potentialAction":[{"@type":"ReadAction","target":["https:\/\/rondeaunet.ca\/es\/nuestra-garantia-de-calidad\/"]}]},{"@type":"ImageObject","inLanguage":"es","@id":"https:\/\/rondeaunet.ca\/es\/nuestra-garantia-de-calidad\/#primaryimage","url":"https:\/\/wp.rondeaunet.ca\/wp-content\/uploads\/2023\/01\/Imagelogo.jpg","contentUrl":"https:\/\/wp.rondeaunet.ca\/wp-content\/uploads\/2023\/01\/Imagelogo.jpg"},{"@type":"BreadcrumbList","@id":"https:\/\/rondeaunet.ca\/es\/nuestra-garantia-de-calidad\/#breadcrumb","itemListElement":[{"@type":"ListItem","position":1,"name":"Accueil","item":"https:\/\/rondeaunet.ca\/"},{"@type":"ListItem","position":2,"name":"Nuestra garant\u00eda de calidad"}]},{"@type":"WebSite","@id":"https:\/\/wp.rondeaunet.ca\/#website","url":"https:\/\/wp.rondeaunet.ca\/","name":"RONDEAUNET Inc","description":"Services aux immeubles","publisher":{"@id":"https:\/\/wp.rondeaunet.ca\/#organization"},"potentialAction":[{"@type":"SearchAction","target":{"@type":"EntryPoint","urlTemplate":"https:\/\/wp.rondeaunet.ca\/?s={search_term_string}"},"query-input":{"@type":"PropertyValueSpecification","valueRequired":true,"valueName":"search_term_string"}}],"inLanguage":"es"},{"@type":"Organization","@id":"https:\/\/wp.rondeaunet.ca\/#organization","name":"RONDEAUNET Inc","url":"https:\/\/wp.rondeaunet.ca\/","logo":{"@type":"ImageObject","inLanguage":"es","@id":"https:\/\/wp.rondeaunet.ca\/#\/schema\/logo\/image\/","url":"https:\/\/rondeaunet.ca\/wp-content\/uploads\/2023\/03\/cropped-R-tag.png","contentUrl":"https:\/\/rondeaunet.ca\/wp-content\/uploads\/2023\/03\/cropped-R-tag.png","width":512,"height":512,"caption":"RONDEAUNET Inc"},"image":{"@id":"https:\/\/wp.rondeaunet.ca\/#\/schema\/logo\/image\/"},"sameAs":["https:\/\/www.facebook.com\/rondeaunet","https:\/\/x.com\/rondeaunet"]}]}},"_links":{"self":[{"href":"https:\/\/rondeaunet.ca\/es\/wp-json\/wp\/v2\/pages\/6460","targetHints":{"allow":["GET"]}}],"collection":[{"href":"https:\/\/rondeaunet.ca\/es\/wp-json\/wp\/v2\/pages"}],"about":[{"href":"https:\/\/rondeaunet.ca\/es\/wp-json\/wp\/v2\/types\/page"}],"author":[{"embeddable":true,"href":"https:\/\/rondeaunet.ca\/es\/wp-json\/wp\/v2\/users\/1"}],"replies":[{"embeddable":true,"href":"https:\/\/rondeaunet.ca\/es\/wp-json\/wp\/v2\/comments?post=6460"}],"version-history":[{"count":3,"href":"https:\/\/rondeaunet.ca\/es\/wp-json\/wp\/v2\/pages\/6460\/revisions"}],"predecessor-version":[{"id":7775,"href":"https:\/\/rondeaunet.ca\/es\/wp-json\/wp\/v2\/pages\/6460\/revisions\/7775"}],"wp:attachment":[{"href":"https:\/\/rondeaunet.ca\/es\/wp-json\/wp\/v2\/media?parent=6460"}],"curies":[{"name":"wp","href":"https:\/\/api.w.org\/{rel}","templated":true}]}}