{"id":6448,"date":"2020-02-24T03:37:52","date_gmt":"2020-02-24T08:37:52","guid":{"rendered":"https:\/\/rondeaunet.ca\/contacta-con-nosotros\/"},"modified":"2026-01-28T17:38:56","modified_gmt":"2026-01-28T22:38:56","slug":"contacta-con-nosotros","status":"publish","type":"page","link":"https:\/\/rondeaunet.ca\/es\/contacta-con-nosotros\/","title":{"rendered":"Contacta con nosotros"},"content":{"rendered":"\t\t<div data-elementor-type=\"wp-page\" data-elementor-id=\"6448\" class=\"elementor elementor-6448 elementor-40\" data-elementor-post-type=\"page\">\n\t\t\t\t\t\t<section class=\"elementor-section elementor-top-section elementor-element elementor-element-312509a elementor-section-stretched elementor-section-boxed elementor-section-height-default elementor-section-height-default\" data-id=\"312509a\" data-element_type=\"section\" data-settings=\"{&quot;stretch_section&quot;:&quot;section-stretched&quot;,&quot;jet_parallax_layout_list&quot;:[],&quot;background_background&quot;:&quot;classic&quot;}\">\n\t\t\t\t\t\t<div class=\"elementor-container elementor-column-gap-no\">\n\t\t\t\t\t<div class=\"elementor-column elementor-col-100 elementor-top-column elementor-element elementor-element-77baf56\" data-id=\"77baf56\" data-element_type=\"column\">\n\t\t\t<div class=\"elementor-widget-wrap elementor-element-populated\">\n\t\t\t\t\t\t<div class=\"elementor-element elementor-element-4b0f1a1 elementor-widget elementor-widget-heading\" data-id=\"4b0f1a1\" data-element_type=\"widget\" data-widget_type=\"heading.default\">\n\t\t\t\t<div class=\"elementor-widget-container\">\n\t\t\t\t\t<h1 class=\"elementor-heading-title elementor-size-default\">Contacta con nosotros<\/h1>\t\t\t\t<\/div>\n\t\t\t\t<\/div>\n\t\t\t\t\t<\/div>\n\t\t<\/div>\n\t\t\t\t\t<\/div>\n\t\t<\/section>\n\t\t\t\t<section class=\"elementor-section elementor-top-section elementor-element elementor-element-dc02139 elementor-section-boxed elementor-section-height-default elementor-section-height-default\" data-id=\"dc02139\" data-element_type=\"section\" data-settings=\"{&quot;background_background&quot;:&quot;classic&quot;,&quot;jet_parallax_layout_list&quot;:[]}\">\n\t\t\t\t\t\t<div class=\"elementor-container elementor-column-gap-default\">\n\t\t\t\t\t<div class=\"elementor-column elementor-col-33 elementor-top-column elementor-element elementor-element-329f49a\" data-id=\"329f49a\" data-element_type=\"column\">\n\t\t\t<div class=\"elementor-widget-wrap elementor-element-populated\">\n\t\t\t\t\t\t<div class=\"elementor-element elementor-element-bf5c670 elementor-view-default elementor-position-block-start elementor-mobile-position-block-start elementor-widget elementor-widget-icon-box\" data-id=\"bf5c670\" data-element_type=\"widget\" data-widget_type=\"icon-box.default\">\n\t\t\t\t<div class=\"elementor-widget-container\">\n\t\t\t\t\t\t\t<div class=\"elementor-icon-box-wrapper\">\n\n\t\t\t\t\t\t<div class=\"elementor-icon-box-icon\">\n\t\t\t\t<span  class=\"elementor-icon\">\n\t\t\t\t<i aria-hidden=\"true\" class=\"fas fa-headset\"><\/i>\t\t\t\t<\/span>\n\t\t\t<\/div>\n\t\t\t\n\t\t\t\t\t\t<div class=\"elementor-icon-box-content\">\n\n\t\t\t\t\t\t\t\t\t<h3 class=\"elementor-icon-box-title\">\n\t\t\t\t\t\t<span  >\n\t\t\t\t\t\t\tTel\u00e9fono\t\t\t\t\t\t<\/span>\n\t\t\t\t\t<\/h3>\n\t\t\t\t\n\t\t\t\t\t\t\t\t\t<p class=\"elementor-icon-box-description\">\n\t\t\t\t\t\t<a href=\"tel:514%20284.2777\">514 284.2777<\/a>\t\t\t\t\t<\/p>\n\t\t\t\t\n\t\t\t<\/div>\n\t\t\t\n\t\t<\/div>\n\t\t\t\t\t\t<\/div>\n\t\t\t\t<\/div>\n\t\t\t\t\t<\/div>\n\t\t<\/div>\n\t\t\t\t<div class=\"elementor-column elementor-col-33 elementor-top-column elementor-element elementor-element-7558a13\" data-id=\"7558a13\" data-element_type=\"column\">\n\t\t\t<div class=\"elementor-widget-wrap elementor-element-populated\">\n\t\t\t\t\t\t<div class=\"elementor-element elementor-element-7ef72af elementor-view-default elementor-position-block-start elementor-mobile-position-block-start elementor-widget elementor-widget-icon-box\" data-id=\"7ef72af\" data-element_type=\"widget\" data-widget_type=\"icon-box.default\">\n\t\t\t\t<div class=\"elementor-widget-container\">\n\t\t\t\t\t\t\t<div class=\"elementor-icon-box-wrapper\">\n\n\t\t\t\t\t\t<div class=\"elementor-icon-box-icon\">\n\t\t\t\t<span  class=\"elementor-icon\">\n\t\t\t\t<i aria-hidden=\"true\" class=\"fas fa-map-pin\"><\/i>\t\t\t\t<\/span>\n\t\t\t<\/div>\n\t\t\t\n\t\t\t\t\t\t<div class=\"elementor-icon-box-content\">\n\n\t\t\t\t\t\t\t\t\t<h3 class=\"elementor-icon-box-title\">\n\t\t\t\t\t\t<span  >\n\t\t\t\t\t\t\tSede central\t\t\t\t\t\t<\/span>\n\t\t\t\t\t<\/h3>\n\t\t\t\t\n\t\t\t\t\t\t\t\t\t<p class=\"elementor-icon-box-description\">\n\t\t\t\t\t\t<a href=\"https:\/\/maps.app.goo.gl\/cVbv5f6vtM7LqAdf7\">240 rue Maurice, Chambly\nQu\u00e9bec, J3L 3A9 , Canad\u00e1<\/a>\t\t\t\t\t<\/p>\n\t\t\t\t\n\t\t\t<\/div>\n\t\t\t\n\t\t<\/div>\n\t\t\t\t\t\t<\/div>\n\t\t\t\t<\/div>\n\t\t\t\t\t<\/div>\n\t\t<\/div>\n\t\t\t\t<div class=\"elementor-column elementor-col-33 elementor-top-column elementor-element elementor-element-5d1bfc3\" data-id=\"5d1bfc3\" data-element_type=\"column\">\n\t\t\t<div class=\"elementor-widget-wrap elementor-element-populated\">\n\t\t\t\t\t\t<div class=\"elementor-element elementor-element-bba7f49 elementor-view-default elementor-position-block-start elementor-mobile-position-block-start elementor-widget elementor-widget-icon-box\" data-id=\"bba7f49\" data-element_type=\"widget\" data-widget_type=\"icon-box.default\">\n\t\t\t\t<div class=\"elementor-widget-container\">\n\t\t\t\t\t\t\t<div class=\"elementor-icon-box-wrapper\">\n\n\t\t\t\t\t\t<div class=\"elementor-icon-box-icon\">\n\t\t\t\t<span  class=\"elementor-icon\">\n\t\t\t\t<i aria-hidden=\"true\" class=\"far fa-envelope\"><\/i>\t\t\t\t<\/span>\n\t\t\t<\/div>\n\t\t\t\n\t\t\t\t\t\t<div class=\"elementor-icon-box-content\">\n\n\t\t\t\t\t\t\t\t\t<h3 class=\"elementor-icon-box-title\">\n\t\t\t\t\t\t<span  >\n\t\t\t\t\t\t\tEnv\u00eda un correo electr\u00f3nico a\t\t\t\t\t\t<\/span>\n\t\t\t\t\t<\/h3>\n\t\t\t\t\n\t\t\t\t\t\t\t\t\t<p class=\"elementor-icon-box-description\">\n\t\t\t\t\t\t<a href=\"mailto:info@rondeaunet.ca\"><span class=\"reverse\">ac.tenuaednor@ofni<\/span><\/a>\t\t\t\t\t<\/p>\n\t\t\t\t\n\t\t\t<\/div>\n\t\t\t\n\t\t<\/div>\n\t\t\t\t\t\t<\/div>\n\t\t\t\t<\/div>\n\t\t\t\t\t<\/div>\n\t\t<\/div>\n\t\t\t\t\t<\/div>\n\t\t<\/section>\n\t\t\t\t<section class=\"elementor-section elementor-top-section elementor-element elementor-element-911ba13 elementor-section-boxed elementor-section-height-default elementor-section-height-default\" data-id=\"911ba13\" data-element_type=\"section\" data-settings=\"{&quot;jet_parallax_layout_list&quot;:[]}\">\n\t\t\t\t\t\t<div class=\"elementor-container elementor-column-gap-default\">\n\t\t\t\t\t<div class=\"elementor-column elementor-col-50 elementor-top-column elementor-element elementor-element-5cbefc2\" data-id=\"5cbefc2\" data-element_type=\"column\">\n\t\t\t<div class=\"elementor-widget-wrap elementor-element-populated\">\n\t\t\t\t\t\t<div class=\"elementor-element elementor-element-3dba634 elementor-widget elementor-widget-wpforms\" data-id=\"3dba634\" data-element_type=\"widget\" data-widget_type=\"wpforms.default\">\n\t\t\t\t<div class=\"elementor-widget-container\">\n\t\t\t\t\t<div class=\"wpforms-container wpforms-container-full\" id=\"wpforms-7531\"><form id=\"wpforms-form-7531\" class=\"wpforms-validate wpforms-form wpforms-ajax-form\" data-formid=\"7531\" method=\"post\" enctype=\"multipart\/form-data\" action=\"\/es\/wp-json\/wp\/v2\/pages\/6448\" data-token=\"88085497449f645d9f1dd47498866ef5\" data-token-time=\"1777446603\"><noscript class=\"wpforms-error-noscript\">Por favor, activa JavaScript en tu navegador para completar este formulario.<\/noscript><div class=\"wpforms-field-container\">\t\t<div id=\"wpforms-7531-field_4-container\"\n\t\t\tclass=\"wpforms-field wpforms-field-text\"\n\t\t\tdata-field-type=\"text\"\n\t\t\tdata-field-id=\"4\"\n\t\t\t>\n\t\t\t<label class=\"wpforms-field-label\" for=\"wpforms-7531-field_4\" >mensaje Comentario correo<\/label>\n\t\t\t<input type=\"text\" id=\"wpforms-7531-field_4\" class=\"wpforms-field-medium\" name=\"wpforms[fields][4]\" >\n\t\t<\/div>\n\t\t<div id=\"wpforms-7531-field_1-container\" class=\"wpforms-field wpforms-field-name\" data-field-id=\"1\"><label class=\"wpforms-field-label\">Nombre <span class=\"wpforms-required-label\">*<\/span><\/label><div class=\"wpforms-field-row wpforms-field-medium\"><div class=\"wpforms-field-row-block wpforms-first wpforms-one-half\"><input type=\"text\" id=\"wpforms-7531-field_1\" class=\"wpforms-field-name-first wpforms-field-required\" name=\"wpforms[fields][1][first]\" required><label for=\"wpforms-7531-field_1\" class=\"wpforms-field-sublabel after\">Nombre<\/label><\/div><div class=\"wpforms-field-row-block wpforms-one-half\"><input type=\"text\" id=\"wpforms-7531-field_1-last\" class=\"wpforms-field-name-last wpforms-field-required\" name=\"wpforms[fields][1][last]\" required><label for=\"wpforms-7531-field_1-last\" class=\"wpforms-field-sublabel after\">Nombre<\/label><\/div><\/div><\/div><div id=\"wpforms-7531-field_2-container\" class=\"wpforms-field wpforms-field-email\" data-field-id=\"2\"><label class=\"wpforms-field-label\" for=\"wpforms-7531-field_2\">Env\u00eda un correo electr\u00f3nico a <span class=\"wpforms-required-label\">*<\/span><\/label><input type=\"email\" id=\"wpforms-7531-field_2\" class=\"wpforms-field-medium wpforms-field-required\" name=\"wpforms[fields][2]\" spellcheck=\"false\" required><\/div><div id=\"wpforms-7531-field_3-container\" class=\"wpforms-field wpforms-field-textarea\" data-field-id=\"3\"><label class=\"wpforms-field-label\" for=\"wpforms-7531-field_3\">Comentario o mensaje<\/label><textarea id=\"wpforms-7531-field_3\" class=\"wpforms-field-medium\" name=\"wpforms[fields][3]\" ><\/textarea><\/div><script>\n\t\t\t\t( function() {\n\t\t\t\t\tconst style = document.createElement( 'style' );\n\t\t\t\t\tstyle.appendChild( document.createTextNode( '#wpforms-7531-field_4-container { position: absolute !important; overflow: hidden !important; display: inline !important; height: 1px !important; width: 1px !important; z-index: -1000 !important; padding: 0 !important; } #wpforms-7531-field_4-container input { visibility: hidden; } #wpforms-conversational-form-page #wpforms-7531-field_4-container label { counter-increment: none; }' ) );\n\t\t\t\t\tdocument.head.appendChild( style );\n\t\t\t\t\tdocument.currentScript?.remove();\n\t\t\t\t} )();\n\t\t\t<\/script><\/div><!-- .wpforms-field-container --><div class=\"wpforms-recaptcha-container wpforms-is-turnstile\" ><div class=\"wpforms-turnstile\" data-sitekey=\"0x4AAAAAABBnRd-Bg1bEz9fq\" data-action=\"FormID-7531\"><\/div><input type=\"text\" name=\"g-recaptcha-hidden\" class=\"wpforms-recaptcha-hidden\" style=\"position:absolute!important;clip:rect(0,0,0,0)!important;height:1px!important;width:1px!important;border:0!important;overflow:hidden!important;padding:0!important;margin:0!important;\" data-rule-turnstile=\"1\"><\/div><div class=\"wpforms-submit-container\" ><input type=\"hidden\" name=\"wpforms[id]\" value=\"7531\"><input type=\"hidden\" name=\"page_title\" value=\"\"><input type=\"hidden\" name=\"page_url\" value=\"https:\/\/rondeaunet.ca\/es\/wp-json\/wp\/v2\/pages\/6448\"><input type=\"hidden\" name=\"url_referer\" value=\"\"><button type=\"submit\" name=\"wpforms[submit]\" id=\"wpforms-submit-7531\" class=\"wpforms-submit\" data-alt-text=\"Enviando...\" data-submit-text=\"Env\u00eda\" aria-live=\"assertive\" value=\"wpforms-submit\">Env\u00eda<\/button><img decoding=\"async\" src=\"https:\/\/rondeaunet.ca\/wp-content\/plugins\/wpforms\/assets\/images\/submit-spin.svg\" class=\"wpforms-submit-spinner\" style=\"display: none;\" width=\"26\" height=\"26\" alt=\"Cargando\"><\/div><\/form><\/div>  <!-- .wpforms-container -->\t\t\t\t<\/div>\n\t\t\t\t<\/div>\n\t\t\t\t\t<\/div>\n\t\t<\/div>\n\t\t\t\t<div class=\"elementor-column elementor-col-50 elementor-top-column elementor-element elementor-element-b92272e\" data-id=\"b92272e\" data-element_type=\"column\">\n\t\t\t<div class=\"elementor-widget-wrap elementor-element-populated\">\n\t\t\t\t\t\t<div class=\"elementor-element elementor-element-d97c59f elementor-widget elementor-widget-image\" data-id=\"d97c59f\" data-element_type=\"widget\" data-widget_type=\"image.default\">\n\t\t\t\t<div class=\"elementor-widget-container\">\n\t\t\t\t\t\t\t\t\t\t\t\t\t\t\t<img fetchpriority=\"high\" decoding=\"async\" width=\"800\" height=\"598\" src=\"https:\/\/rondeaunet.ca\/wp-content\/uploads\/2023\/10\/Services-rondeaunet-1024x766.jpg\" class=\"attachment-large size-large wp-image-6237\" alt=\"\" srcset=\"https:\/\/rondeaunet.ca\/wp-content\/uploads\/2023\/10\/Services-rondeaunet-1024x766.jpg 1024w, https:\/\/rondeaunet.ca\/wp-content\/uploads\/2023\/10\/Services-rondeaunet-300x225.jpg 300w, https:\/\/rondeaunet.ca\/wp-content\/uploads\/2023\/10\/Services-rondeaunet-768x575.jpg 768w, https:\/\/rondeaunet.ca\/wp-content\/uploads\/2023\/10\/Services-rondeaunet.jpg 1236w\" sizes=\"(max-width: 800px) 100vw, 800px\" \/>\t\t\t\t\t\t\t\t\t\t\t\t\t\t\t<\/div>\n\t\t\t\t<\/div>\n\t\t\t\t\t<\/div>\n\t\t<\/div>\n\t\t\t\t\t<\/div>\n\t\t<\/section>\n\t\t\t\t<section class=\"elementor-section elementor-top-section elementor-element elementor-element-c9badb0 elementor-section-stretched elementor-section-full_width elementor-section-height-default elementor-section-height-default\" data-id=\"c9badb0\" data-element_type=\"section\" data-settings=\"{&quot;stretch_section&quot;:&quot;section-stretched&quot;,&quot;jet_parallax_layout_list&quot;:[]}\">\n\t\t\t\t\t\t<div class=\"elementor-container elementor-column-gap-no\">\n\t\t\t\t\t<div class=\"elementor-column elementor-col-100 elementor-top-column elementor-element elementor-element-16cfe98\" data-id=\"16cfe98\" data-element_type=\"column\">\n\t\t\t<div class=\"elementor-widget-wrap elementor-element-populated\">\n\t\t\t\t\t\t<div class=\"elementor-element elementor-element-f8961c4 elementor-widget elementor-widget-google_maps\" data-id=\"f8961c4\" data-element_type=\"widget\" data-widget_type=\"google_maps.default\">\n\t\t\t\t<div class=\"elementor-widget-container\">\n\t\t\t\t\t\t\t<div class=\"elementor-custom-embed\">\n\t\t\t<iframe loading=\"lazy\"\n\t\t\t\t\tsrc=\"https:\/\/maps.google.com\/maps?q=RONDEAUNET%20Inc%2C%20240%20rue%20Maurice%2C%20Chambly%2C%20Qu%C3%A9bec%20J3L%203A9%2C%20Canada&#038;t=m&#038;z=14&#038;output=embed&#038;iwloc=near\"\n\t\t\t\t\ttitle=\"RONDEAUNET Inc, 240 rue Maurice, Chambly, Qu\u00e9bec J3L 3A9, Canada\"\n\t\t\t\t\taria-label=\"RONDEAUNET Inc, 240 rue Maurice, Chambly, Qu\u00e9bec J3L 3A9, Canada\"\n\t\t\t><\/iframe>\n\t\t<\/div>\n\t\t\t\t\t\t<\/div>\n\t\t\t\t<\/div>\n\t\t\t\t\t<\/div>\n\t\t<\/div>\n\t\t\t\t\t<\/div>\n\t\t<\/section>\n\t\t\t\t<\/div>\n\t\t","protected":false},"excerpt":{"rendered":"<p>Tel\u00e9fono 514 284.2777 Sede central 240 rue Maurice, Chambly Qu\u00e9bec, J3L 3A9 , Canad\u00e1 Env\u00eda un correo electr\u00f3nico a ac.tenuaednor@ofni Veuillez activer JavaScript dans votre navigateur pour remplir ce formulaire. message ou Nom Nom *Pr\u00e9nomNomCourriel *Commentaire ou messageEnvoyer<\/p>\n","protected":false},"author":1,"featured_media":0,"parent":0,"menu_order":0,"comment_status":"closed","ping_status":"closed","template":"","meta":{"_jet_sm_ready_style":"","_jet_sm_style":"","_jet_sm_controls_values":"","_jet_sm_fonts_collection":"","_jet_sm_fonts_links":"","footnotes":""},"class_list":["post-6448","page","type-page","status-publish","hentry"],"yoast_head":"<!-- This site is optimized with the Yoast SEO plugin v27.1.1 - https:\/\/yoast.com\/product\/yoast-seo-wordpress\/ -->\n<title>Contacta con nosotros - RONDEAUNET Inc<\/title>\n<meta name=\"description\" content=\"Experts en nettoyage r\u00e9sidentiel et commercial au Qu\u00e9bec. Service professionnel, rapide et efficace pour un environnement propre et sain. Demandez une soumission gratuite d\u00e8s aujourd\u2019hui !\" \/>\n<meta name=\"robots\" content=\"index, follow, max-snippet:-1, max-image-preview:large, max-video-preview:-1\" \/>\n<link rel=\"canonical\" href=\"https:\/\/rondeaunet.ca\/es\/contacta-con-nosotros\/\" \/>\n<meta property=\"og:locale\" content=\"es_ES\" \/>\n<meta property=\"og:type\" content=\"article\" \/>\n<meta property=\"og:title\" content=\"Contacta con nosotros - RONDEAUNET Inc\" \/>\n<meta property=\"og:description\" content=\"Experts en nettoyage r\u00e9sidentiel et commercial au Qu\u00e9bec. Service professionnel, rapide et efficace pour un environnement propre et sain. Demandez une soumission gratuite d\u00e8s aujourd\u2019hui !\" \/>\n<meta property=\"og:url\" content=\"https:\/\/rondeaunet.ca\/es\/contacta-con-nosotros\/\" \/>\n<meta property=\"og:site_name\" content=\"RONDEAUNET Inc\" \/>\n<meta property=\"article:publisher\" content=\"https:\/\/www.facebook.com\/rondeaunet\" \/>\n<meta property=\"article:modified_time\" content=\"2026-01-28T22:38:56+00:00\" \/>\n<meta property=\"og:image\" content=\"https:\/\/rondeaunet.ca\/wp-content\/plugins\/wpforms\/assets\/images\/submit-spin.svg\" \/>\n<meta name=\"twitter:card\" content=\"summary_large_image\" \/>\n<meta name=\"twitter:site\" content=\"@rondeaunet\" \/>\n<script type=\"application\/ld+json\" class=\"yoast-schema-graph\">{\"@context\":\"https:\/\/schema.org\",\"@graph\":[{\"@type\":\"WebPage\",\"@id\":\"https:\/\/rondeaunet.ca\/es\/contacta-con-nosotros\/\",\"url\":\"https:\/\/rondeaunet.ca\/es\/contacta-con-nosotros\/\",\"name\":\"Contacta con nosotros - RONDEAUNET Inc\",\"isPartOf\":{\"@id\":\"https:\/\/wp.rondeaunet.ca\/#website\"},\"primaryImageOfPage\":{\"@id\":\"https:\/\/rondeaunet.ca\/es\/contacta-con-nosotros\/#primaryimage\"},\"image\":{\"@id\":\"https:\/\/rondeaunet.ca\/es\/contacta-con-nosotros\/#primaryimage\"},\"thumbnailUrl\":\"https:\/\/rondeaunet.ca\/wp-content\/plugins\/wpforms\/assets\/images\/submit-spin.svg\",\"datePublished\":\"2020-02-24T08:37:52+00:00\",\"dateModified\":\"2026-01-28T22:38:56+00:00\",\"description\":\"Experts en nettoyage r\u00e9sidentiel et commercial au Qu\u00e9bec. Service professionnel, rapide et efficace pour un environnement propre et sain. Demandez une soumission gratuite d\u00e8s aujourd\u2019hui !\",\"breadcrumb\":{\"@id\":\"https:\/\/rondeaunet.ca\/es\/contacta-con-nosotros\/#breadcrumb\"},\"inLanguage\":\"es\",\"potentialAction\":[{\"@type\":\"ReadAction\",\"target\":[\"https:\/\/rondeaunet.ca\/es\/contacta-con-nosotros\/\"]}]},{\"@type\":\"ImageObject\",\"inLanguage\":\"es\",\"@id\":\"https:\/\/rondeaunet.ca\/es\/contacta-con-nosotros\/#primaryimage\",\"url\":\"https:\/\/rondeaunet.ca\/wp-content\/plugins\/wpforms\/assets\/images\/submit-spin.svg\",\"contentUrl\":\"https:\/\/rondeaunet.ca\/wp-content\/plugins\/wpforms\/assets\/images\/submit-spin.svg\"},{\"@type\":\"BreadcrumbList\",\"@id\":\"https:\/\/rondeaunet.ca\/es\/contacta-con-nosotros\/#breadcrumb\",\"itemListElement\":[{\"@type\":\"ListItem\",\"position\":1,\"name\":\"Accueil\",\"item\":\"https:\/\/rondeaunet.ca\/\"},{\"@type\":\"ListItem\",\"position\":2,\"name\":\"Contacta con nosotros\"}]},{\"@type\":\"WebSite\",\"@id\":\"https:\/\/wp.rondeaunet.ca\/#website\",\"url\":\"https:\/\/wp.rondeaunet.ca\/\",\"name\":\"RONDEAUNET Inc\",\"description\":\"Services aux immeubles\",\"publisher\":{\"@id\":\"https:\/\/wp.rondeaunet.ca\/#organization\"},\"potentialAction\":[{\"@type\":\"SearchAction\",\"target\":{\"@type\":\"EntryPoint\",\"urlTemplate\":\"https:\/\/wp.rondeaunet.ca\/?s={search_term_string}\"},\"query-input\":{\"@type\":\"PropertyValueSpecification\",\"valueRequired\":true,\"valueName\":\"search_term_string\"}}],\"inLanguage\":\"es\"},{\"@type\":\"Organization\",\"@id\":\"https:\/\/wp.rondeaunet.ca\/#organization\",\"name\":\"RONDEAUNET Inc\",\"url\":\"https:\/\/wp.rondeaunet.ca\/\",\"logo\":{\"@type\":\"ImageObject\",\"inLanguage\":\"es\",\"@id\":\"https:\/\/wp.rondeaunet.ca\/#\/schema\/logo\/image\/\",\"url\":\"https:\/\/rondeaunet.ca\/wp-content\/uploads\/2023\/03\/cropped-R-tag.png\",\"contentUrl\":\"https:\/\/rondeaunet.ca\/wp-content\/uploads\/2023\/03\/cropped-R-tag.png\",\"width\":512,\"height\":512,\"caption\":\"RONDEAUNET Inc\"},\"image\":{\"@id\":\"https:\/\/wp.rondeaunet.ca\/#\/schema\/logo\/image\/\"},\"sameAs\":[\"https:\/\/www.facebook.com\/rondeaunet\",\"https:\/\/x.com\/rondeaunet\"]}]}<\/script>\n<!-- \/ Yoast SEO plugin. -->","yoast_head_json":{"title":"Contacta con nosotros - RONDEAUNET Inc","description":"Experts en nettoyage r\u00e9sidentiel et commercial au Qu\u00e9bec. Service professionnel, rapide et efficace pour un environnement propre et sain. Demandez une soumission gratuite d\u00e8s aujourd\u2019hui !","robots":{"index":"index","follow":"follow","max-snippet":"max-snippet:-1","max-image-preview":"max-image-preview:large","max-video-preview":"max-video-preview:-1"},"canonical":"https:\/\/rondeaunet.ca\/es\/contacta-con-nosotros\/","og_locale":"es_ES","og_type":"article","og_title":"Contacta con nosotros - RONDEAUNET Inc","og_description":"Experts en nettoyage r\u00e9sidentiel et commercial au Qu\u00e9bec. Service professionnel, rapide et efficace pour un environnement propre et sain. Demandez une soumission gratuite d\u00e8s aujourd\u2019hui !","og_url":"https:\/\/rondeaunet.ca\/es\/contacta-con-nosotros\/","og_site_name":"RONDEAUNET Inc","article_publisher":"https:\/\/www.facebook.com\/rondeaunet","article_modified_time":"2026-01-28T22:38:56+00:00","og_image":[{"url":"https:\/\/rondeaunet.ca\/wp-content\/plugins\/wpforms\/assets\/images\/submit-spin.svg","type":"","width":"","height":""}],"twitter_card":"summary_large_image","twitter_site":"@rondeaunet","schema":{"@context":"https:\/\/schema.org","@graph":[{"@type":"WebPage","@id":"https:\/\/rondeaunet.ca\/es\/contacta-con-nosotros\/","url":"https:\/\/rondeaunet.ca\/es\/contacta-con-nosotros\/","name":"Contacta con nosotros - RONDEAUNET Inc","isPartOf":{"@id":"https:\/\/wp.rondeaunet.ca\/#website"},"primaryImageOfPage":{"@id":"https:\/\/rondeaunet.ca\/es\/contacta-con-nosotros\/#primaryimage"},"image":{"@id":"https:\/\/rondeaunet.ca\/es\/contacta-con-nosotros\/#primaryimage"},"thumbnailUrl":"https:\/\/rondeaunet.ca\/wp-content\/plugins\/wpforms\/assets\/images\/submit-spin.svg","datePublished":"2020-02-24T08:37:52+00:00","dateModified":"2026-01-28T22:38:56+00:00","description":"Experts en nettoyage r\u00e9sidentiel et commercial au Qu\u00e9bec. Service professionnel, rapide et efficace pour un environnement propre et sain. Demandez une soumission gratuite d\u00e8s aujourd\u2019hui !","breadcrumb":{"@id":"https:\/\/rondeaunet.ca\/es\/contacta-con-nosotros\/#breadcrumb"},"inLanguage":"es","potentialAction":[{"@type":"ReadAction","target":["https:\/\/rondeaunet.ca\/es\/contacta-con-nosotros\/"]}]},{"@type":"ImageObject","inLanguage":"es","@id":"https:\/\/rondeaunet.ca\/es\/contacta-con-nosotros\/#primaryimage","url":"https:\/\/rondeaunet.ca\/wp-content\/plugins\/wpforms\/assets\/images\/submit-spin.svg","contentUrl":"https:\/\/rondeaunet.ca\/wp-content\/plugins\/wpforms\/assets\/images\/submit-spin.svg"},{"@type":"BreadcrumbList","@id":"https:\/\/rondeaunet.ca\/es\/contacta-con-nosotros\/#breadcrumb","itemListElement":[{"@type":"ListItem","position":1,"name":"Accueil","item":"https:\/\/rondeaunet.ca\/"},{"@type":"ListItem","position":2,"name":"Contacta con nosotros"}]},{"@type":"WebSite","@id":"https:\/\/wp.rondeaunet.ca\/#website","url":"https:\/\/wp.rondeaunet.ca\/","name":"RONDEAUNET Inc","description":"Services aux immeubles","publisher":{"@id":"https:\/\/wp.rondeaunet.ca\/#organization"},"potentialAction":[{"@type":"SearchAction","target":{"@type":"EntryPoint","urlTemplate":"https:\/\/wp.rondeaunet.ca\/?s={search_term_string}"},"query-input":{"@type":"PropertyValueSpecification","valueRequired":true,"valueName":"search_term_string"}}],"inLanguage":"es"},{"@type":"Organization","@id":"https:\/\/wp.rondeaunet.ca\/#organization","name":"RONDEAUNET Inc","url":"https:\/\/wp.rondeaunet.ca\/","logo":{"@type":"ImageObject","inLanguage":"es","@id":"https:\/\/wp.rondeaunet.ca\/#\/schema\/logo\/image\/","url":"https:\/\/rondeaunet.ca\/wp-content\/uploads\/2023\/03\/cropped-R-tag.png","contentUrl":"https:\/\/rondeaunet.ca\/wp-content\/uploads\/2023\/03\/cropped-R-tag.png","width":512,"height":512,"caption":"RONDEAUNET Inc"},"image":{"@id":"https:\/\/wp.rondeaunet.ca\/#\/schema\/logo\/image\/"},"sameAs":["https:\/\/www.facebook.com\/rondeaunet","https:\/\/x.com\/rondeaunet"]}]}},"_links":{"self":[{"href":"https:\/\/rondeaunet.ca\/es\/wp-json\/wp\/v2\/pages\/6448","targetHints":{"allow":["GET"]}}],"collection":[{"href":"https:\/\/rondeaunet.ca\/es\/wp-json\/wp\/v2\/pages"}],"about":[{"href":"https:\/\/rondeaunet.ca\/es\/wp-json\/wp\/v2\/types\/page"}],"author":[{"embeddable":true,"href":"https:\/\/rondeaunet.ca\/es\/wp-json\/wp\/v2\/users\/1"}],"replies":[{"embeddable":true,"href":"https:\/\/rondeaunet.ca\/es\/wp-json\/wp\/v2\/comments?post=6448"}],"version-history":[{"count":8,"href":"https:\/\/rondeaunet.ca\/es\/wp-json\/wp\/v2\/pages\/6448\/revisions"}],"predecessor-version":[{"id":7925,"href":"https:\/\/rondeaunet.ca\/es\/wp-json\/wp\/v2\/pages\/6448\/revisions\/7925"}],"wp:attachment":[{"href":"https:\/\/rondeaunet.ca\/es\/wp-json\/wp\/v2\/media?parent=6448"}],"curies":[{"name":"wp","href":"https:\/\/api.w.org\/{rel}","templated":true}]}}