{"id":6393,"date":"2023-01-30T15:54:27","date_gmt":"2023-01-30T20:54:27","guid":{"rendered":"https:\/\/rondeaunet.ca\/services-2\/"},"modified":"2025-04-22T19:43:58","modified_gmt":"2025-04-23T00:43:58","slug":"services-2","status":"publish","type":"page","link":"https:\/\/rondeaunet.ca\/en\/services-2\/","title":{"rendered":"SERVICES"},"content":{"rendered":"\t\t<div data-elementor-type=\"wp-page\" data-elementor-id=\"6393\" class=\"elementor elementor-6393 elementor-3913\" data-elementor-post-type=\"page\">\n\t\t\t\t\t\t<section class=\"elementor-section elementor-top-section elementor-element elementor-element-71e9ae2 elementor-section-full_width elementor-section-stretched elementor-section-height-default elementor-section-height-default\" data-id=\"71e9ae2\" data-element_type=\"section\" data-settings=\"{&quot;stretch_section&quot;:&quot;section-stretched&quot;,&quot;jet_parallax_layout_list&quot;:[]}\">\n\t\t\t\t\t\t\t<div class=\"elementor-background-overlay\"><\/div>\n\t\t\t\t\t\t\t<div class=\"elementor-container elementor-column-gap-no\">\n\t\t\t\t\t<div class=\"elementor-column elementor-col-100 elementor-top-column elementor-element elementor-element-3c4c7d96\" data-id=\"3c4c7d96\" data-element_type=\"column\">\n\t\t\t<div class=\"elementor-widget-wrap\">\n\t\t\t\t\t\t\t<\/div>\n\t\t<\/div>\n\t\t\t\t\t<\/div>\n\t\t<\/section>\n\t\t\t\t<section class=\"elementor-section elementor-top-section elementor-element elementor-element-64b7e964 elementor-section-full_width elementor-hidden-desktop elementor-hidden-tablet elementor-hidden-mobile elementor-section-height-default elementor-section-height-default\" data-id=\"64b7e964\" data-element_type=\"section\" data-settings=\"{&quot;jet_parallax_layout_list&quot;:[]}\">\n\t\t\t\t\t\t<div class=\"elementor-container elementor-column-gap-default\">\n\t\t\t\t\t<div class=\"elementor-column elementor-col-100 elementor-top-column elementor-element elementor-element-130b2cc9\" data-id=\"130b2cc9\" data-element_type=\"column\">\n\t\t\t<div class=\"elementor-widget-wrap\">\n\t\t\t\t\t\t\t<\/div>\n\t\t<\/div>\n\t\t\t\t\t<\/div>\n\t\t<\/section>\n\t\t\t\t<section class=\"elementor-section elementor-top-section elementor-element elementor-element-1edc875c elementor-section-full_width elementor-section-stretched elementor-section-height-default elementor-section-height-default\" data-id=\"1edc875c\" data-element_type=\"section\" data-settings=\"{&quot;stretch_section&quot;:&quot;section-stretched&quot;,&quot;jet_parallax_layout_list&quot;:[]}\">\n\t\t\t\t\t\t<div class=\"elementor-container elementor-column-gap-no\">\n\t\t\t\t\t<div class=\"elementor-column elementor-col-100 elementor-top-column elementor-element elementor-element-58d9e3dc\" data-id=\"58d9e3dc\" data-element_type=\"column\">\n\t\t\t<div class=\"elementor-widget-wrap\">\n\t\t\t\t\t\t\t<\/div>\n\t\t<\/div>\n\t\t\t\t\t<\/div>\n\t\t<\/section>\n\t\t\t\t<section class=\"elementor-section elementor-top-section elementor-element elementor-element-344816af elementor-section-full_width elementor-section-stretched elementor-section-height-default elementor-section-height-default\" data-id=\"344816af\" data-element_type=\"section\" data-settings=\"{&quot;stretch_section&quot;:&quot;section-stretched&quot;,&quot;jet_parallax_layout_list&quot;:[]}\">\n\t\t\t\t\t\t<div class=\"elementor-container elementor-column-gap-no\">\n\t\t\t\t\t<div class=\"elementor-column elementor-col-100 elementor-top-column elementor-element elementor-element-58bc37b8\" data-id=\"58bc37b8\" data-element_type=\"column\">\n\t\t\t<div class=\"elementor-widget-wrap\">\n\t\t\t\t\t\t\t<\/div>\n\t\t<\/div>\n\t\t\t\t\t<\/div>\n\t\t<\/section>\n\t\t\t\t<\/div>\n\t\t","protected":false},"excerpt":{"rendered":"<p>Pour votre entretien m\u00e9nager commercial Nettoyage sp\u00e9cialis\u00e9 Nettoyage sp\u00e9cialis\u00e9 Conciergerie 24\/7 Conciergerie 24\/7 Nettoyage final de Chantier Nettoyage final de Chantier Tonte de gazon Tonte de gazon Nettoyage de Stationnement Nettoyage de Stationnement Nettoyage haute pression Nettoyage haute pression D\u00e9neigement D\u00e9neigement Nous entretenons votre parking pour offrir un acc\u00e8s s\u00fbr et pratique, m\u00eame pendant les [&hellip;]<\/p>\n","protected":false},"author":1,"featured_media":0,"parent":0,"menu_order":0,"comment_status":"closed","ping_status":"closed","template":"","meta":{"_jet_sm_ready_style":"","_jet_sm_style":"","_jet_sm_controls_values":"","_jet_sm_fonts_collection":"","_jet_sm_fonts_links":"","footnotes":""},"class_list":["post-6393","page","type-page","status-publish","hentry"],"yoast_head":"<!-- This site is optimized with the Yoast SEO plugin v27.1.1 - https:\/\/yoast.com\/product\/yoast-seo-wordpress\/ -->\n<title>SERVICES - RONDEAUNET Inc<\/title>\n<meta name=\"description\" content=\"Experts en nettoyage r\u00e9sidentiel et commercial au Qu\u00e9bec. Service professionnel, rapide et efficace pour un environnement propre et sain. Demandez une soumission gratuite d\u00e8s aujourd\u2019hui !\" \/>\n<meta name=\"robots\" content=\"index, follow, max-snippet:-1, max-image-preview:large, max-video-preview:-1\" \/>\n<link rel=\"canonical\" href=\"https:\/\/rondeaunet.ca\/en\/services-2\/\" \/>\n<meta property=\"og:locale\" content=\"en_US\" \/>\n<meta property=\"og:type\" content=\"article\" \/>\n<meta property=\"og:title\" content=\"SERVICES - RONDEAUNET Inc\" \/>\n<meta property=\"og:description\" content=\"Experts en nettoyage r\u00e9sidentiel et commercial au Qu\u00e9bec. Service professionnel, rapide et efficace pour un environnement propre et sain. Demandez une soumission gratuite d\u00e8s aujourd\u2019hui !\" \/>\n<meta property=\"og:url\" content=\"https:\/\/rondeaunet.ca\/en\/services-2\/\" \/>\n<meta property=\"og:site_name\" content=\"RONDEAUNET Inc\" \/>\n<meta property=\"article:publisher\" content=\"https:\/\/www.facebook.com\/rondeaunet\" \/>\n<meta property=\"article:modified_time\" content=\"2025-04-23T00:43:58+00:00\" \/>\n<meta property=\"og:image\" content=\"https:\/\/rondeaunet.ca\/wp-content\/uploads\/2023\/01\/Sans-titre21.png\" \/>\n<meta name=\"twitter:card\" content=\"summary_large_image\" \/>\n<meta name=\"twitter:site\" content=\"@rondeaunet\" \/>\n<meta name=\"twitter:label1\" content=\"Est. reading time\" \/>\n\t<meta name=\"twitter:data1\" content=\"1 minute\" \/>\n<script type=\"application\/ld+json\" class=\"yoast-schema-graph\">{\"@context\":\"https:\/\/schema.org\",\"@graph\":[{\"@type\":\"WebPage\",\"@id\":\"https:\/\/rondeaunet.ca\/en\/services-2\/\",\"url\":\"https:\/\/rondeaunet.ca\/en\/services-2\/\",\"name\":\"SERVICES - RONDEAUNET Inc\",\"isPartOf\":{\"@id\":\"https:\/\/wp.rondeaunet.ca\/#website\"},\"primaryImageOfPage\":{\"@id\":\"https:\/\/rondeaunet.ca\/en\/services-2\/#primaryimage\"},\"image\":{\"@id\":\"https:\/\/rondeaunet.ca\/en\/services-2\/#primaryimage\"},\"thumbnailUrl\":\"https:\/\/rondeaunet.ca\/wp-content\/uploads\/2023\/01\/Sans-titre21.png\",\"datePublished\":\"2023-01-30T20:54:27+00:00\",\"dateModified\":\"2025-04-23T00:43:58+00:00\",\"description\":\"Experts en nettoyage r\u00e9sidentiel et commercial au Qu\u00e9bec. Service professionnel, rapide et efficace pour un environnement propre et sain. Demandez une soumission gratuite d\u00e8s aujourd\u2019hui !\",\"breadcrumb\":{\"@id\":\"https:\/\/rondeaunet.ca\/en\/services-2\/#breadcrumb\"},\"inLanguage\":\"en-US\",\"potentialAction\":[{\"@type\":\"ReadAction\",\"target\":[\"https:\/\/rondeaunet.ca\/en\/services-2\/\"]}]},{\"@type\":\"ImageObject\",\"inLanguage\":\"en-US\",\"@id\":\"https:\/\/rondeaunet.ca\/en\/services-2\/#primaryimage\",\"url\":\"https:\/\/rondeaunet.ca\/wp-content\/uploads\/2023\/01\/Sans-titre21.png\",\"contentUrl\":\"https:\/\/rondeaunet.ca\/wp-content\/uploads\/2023\/01\/Sans-titre21.png\"},{\"@type\":\"BreadcrumbList\",\"@id\":\"https:\/\/rondeaunet.ca\/en\/services-2\/#breadcrumb\",\"itemListElement\":[{\"@type\":\"ListItem\",\"position\":1,\"name\":\"Accueil\",\"item\":\"https:\/\/rondeaunet.ca\/\"},{\"@type\":\"ListItem\",\"position\":2,\"name\":\"SERVICES\"}]},{\"@type\":\"WebSite\",\"@id\":\"https:\/\/wp.rondeaunet.ca\/#website\",\"url\":\"https:\/\/wp.rondeaunet.ca\/\",\"name\":\"RONDEAUNET Inc\",\"description\":\"Services aux immeubles\",\"publisher\":{\"@id\":\"https:\/\/wp.rondeaunet.ca\/#organization\"},\"potentialAction\":[{\"@type\":\"SearchAction\",\"target\":{\"@type\":\"EntryPoint\",\"urlTemplate\":\"https:\/\/wp.rondeaunet.ca\/?s={search_term_string}\"},\"query-input\":{\"@type\":\"PropertyValueSpecification\",\"valueRequired\":true,\"valueName\":\"search_term_string\"}}],\"inLanguage\":\"en-US\"},{\"@type\":\"Organization\",\"@id\":\"https:\/\/wp.rondeaunet.ca\/#organization\",\"name\":\"RONDEAUNET Inc\",\"url\":\"https:\/\/wp.rondeaunet.ca\/\",\"logo\":{\"@type\":\"ImageObject\",\"inLanguage\":\"en-US\",\"@id\":\"https:\/\/wp.rondeaunet.ca\/#\/schema\/logo\/image\/\",\"url\":\"https:\/\/rondeaunet.ca\/wp-content\/uploads\/2023\/03\/cropped-R-tag.png\",\"contentUrl\":\"https:\/\/rondeaunet.ca\/wp-content\/uploads\/2023\/03\/cropped-R-tag.png\",\"width\":512,\"height\":512,\"caption\":\"RONDEAUNET Inc\"},\"image\":{\"@id\":\"https:\/\/wp.rondeaunet.ca\/#\/schema\/logo\/image\/\"},\"sameAs\":[\"https:\/\/www.facebook.com\/rondeaunet\",\"https:\/\/x.com\/rondeaunet\"]}]}<\/script>\n<!-- \/ Yoast SEO plugin. -->","yoast_head_json":{"title":"SERVICES - RONDEAUNET Inc","description":"Experts en nettoyage r\u00e9sidentiel et commercial au Qu\u00e9bec. Service professionnel, rapide et efficace pour un environnement propre et sain. Demandez une soumission gratuite d\u00e8s aujourd\u2019hui !","robots":{"index":"index","follow":"follow","max-snippet":"max-snippet:-1","max-image-preview":"max-image-preview:large","max-video-preview":"max-video-preview:-1"},"canonical":"https:\/\/rondeaunet.ca\/en\/services-2\/","og_locale":"en_US","og_type":"article","og_title":"SERVICES - RONDEAUNET Inc","og_description":"Experts en nettoyage r\u00e9sidentiel et commercial au Qu\u00e9bec. Service professionnel, rapide et efficace pour un environnement propre et sain. Demandez une soumission gratuite d\u00e8s aujourd\u2019hui !","og_url":"https:\/\/rondeaunet.ca\/en\/services-2\/","og_site_name":"RONDEAUNET Inc","article_publisher":"https:\/\/www.facebook.com\/rondeaunet","article_modified_time":"2025-04-23T00:43:58+00:00","og_image":[{"url":"https:\/\/rondeaunet.ca\/wp-content\/uploads\/2023\/01\/Sans-titre21.png","type":"","width":"","height":""}],"twitter_card":"summary_large_image","twitter_site":"@rondeaunet","twitter_misc":{"Est. reading time":"1 minute"},"schema":{"@context":"https:\/\/schema.org","@graph":[{"@type":"WebPage","@id":"https:\/\/rondeaunet.ca\/en\/services-2\/","url":"https:\/\/rondeaunet.ca\/en\/services-2\/","name":"SERVICES - RONDEAUNET Inc","isPartOf":{"@id":"https:\/\/wp.rondeaunet.ca\/#website"},"primaryImageOfPage":{"@id":"https:\/\/rondeaunet.ca\/en\/services-2\/#primaryimage"},"image":{"@id":"https:\/\/rondeaunet.ca\/en\/services-2\/#primaryimage"},"thumbnailUrl":"https:\/\/rondeaunet.ca\/wp-content\/uploads\/2023\/01\/Sans-titre21.png","datePublished":"2023-01-30T20:54:27+00:00","dateModified":"2025-04-23T00:43:58+00:00","description":"Experts en nettoyage r\u00e9sidentiel et commercial au Qu\u00e9bec. Service professionnel, rapide et efficace pour un environnement propre et sain. Demandez une soumission gratuite d\u00e8s aujourd\u2019hui !","breadcrumb":{"@id":"https:\/\/rondeaunet.ca\/en\/services-2\/#breadcrumb"},"inLanguage":"en-US","potentialAction":[{"@type":"ReadAction","target":["https:\/\/rondeaunet.ca\/en\/services-2\/"]}]},{"@type":"ImageObject","inLanguage":"en-US","@id":"https:\/\/rondeaunet.ca\/en\/services-2\/#primaryimage","url":"https:\/\/rondeaunet.ca\/wp-content\/uploads\/2023\/01\/Sans-titre21.png","contentUrl":"https:\/\/rondeaunet.ca\/wp-content\/uploads\/2023\/01\/Sans-titre21.png"},{"@type":"BreadcrumbList","@id":"https:\/\/rondeaunet.ca\/en\/services-2\/#breadcrumb","itemListElement":[{"@type":"ListItem","position":1,"name":"Accueil","item":"https:\/\/rondeaunet.ca\/"},{"@type":"ListItem","position":2,"name":"SERVICES"}]},{"@type":"WebSite","@id":"https:\/\/wp.rondeaunet.ca\/#website","url":"https:\/\/wp.rondeaunet.ca\/","name":"RONDEAUNET Inc","description":"Services aux immeubles","publisher":{"@id":"https:\/\/wp.rondeaunet.ca\/#organization"},"potentialAction":[{"@type":"SearchAction","target":{"@type":"EntryPoint","urlTemplate":"https:\/\/wp.rondeaunet.ca\/?s={search_term_string}"},"query-input":{"@type":"PropertyValueSpecification","valueRequired":true,"valueName":"search_term_string"}}],"inLanguage":"en-US"},{"@type":"Organization","@id":"https:\/\/wp.rondeaunet.ca\/#organization","name":"RONDEAUNET Inc","url":"https:\/\/wp.rondeaunet.ca\/","logo":{"@type":"ImageObject","inLanguage":"en-US","@id":"https:\/\/wp.rondeaunet.ca\/#\/schema\/logo\/image\/","url":"https:\/\/rondeaunet.ca\/wp-content\/uploads\/2023\/03\/cropped-R-tag.png","contentUrl":"https:\/\/rondeaunet.ca\/wp-content\/uploads\/2023\/03\/cropped-R-tag.png","width":512,"height":512,"caption":"RONDEAUNET Inc"},"image":{"@id":"https:\/\/wp.rondeaunet.ca\/#\/schema\/logo\/image\/"},"sameAs":["https:\/\/www.facebook.com\/rondeaunet","https:\/\/x.com\/rondeaunet"]}]}},"_links":{"self":[{"href":"https:\/\/rondeaunet.ca\/en\/wp-json\/wp\/v2\/pages\/6393","targetHints":{"allow":["GET"]}}],"collection":[{"href":"https:\/\/rondeaunet.ca\/en\/wp-json\/wp\/v2\/pages"}],"about":[{"href":"https:\/\/rondeaunet.ca\/en\/wp-json\/wp\/v2\/types\/page"}],"author":[{"embeddable":true,"href":"https:\/\/rondeaunet.ca\/en\/wp-json\/wp\/v2\/users\/1"}],"replies":[{"embeddable":true,"href":"https:\/\/rondeaunet.ca\/en\/wp-json\/wp\/v2\/comments?post=6393"}],"version-history":[{"count":4,"href":"https:\/\/rondeaunet.ca\/en\/wp-json\/wp\/v2\/pages\/6393\/revisions"}],"predecessor-version":[{"id":7643,"href":"https:\/\/rondeaunet.ca\/en\/wp-json\/wp\/v2\/pages\/6393\/revisions\/7643"}],"wp:attachment":[{"href":"https:\/\/rondeaunet.ca\/en\/wp-json\/wp\/v2\/media?parent=6393"}],"curies":[{"name":"wp","href":"https:\/\/api.w.org\/{rel}","templated":true}]}}